{"id":15995,"date":"2026-05-01T04:23:21","date_gmt":"2026-05-01T04:23:21","guid":{"rendered":"https:\/\/publitec.lat\/index.php\/product\/volantes-carta-21-4-x-28-cm-millar\/"},"modified":"2026-05-01T04:23:21","modified_gmt":"2026-05-01T04:23:21","slug":"volantes-carta-21-4-x-28-cm-millar","status":"publish","type":"product","link":"https:\/\/publitec.lat\/index.php\/product\/volantes-carta-21-4-x-28-cm-millar\/","title":{"rendered":"Volantes Carta 21.4 x 28 cm (Millar)"},"content":{"rendered":"<p>Volantes Carta 21.4 x 28 cm<br \/>\nTipo: Volantes<br \/>\nPapel: Couch\u00e9 Brillante de 135 g<br \/>\nTipo de Impresi\u00f3n: Offset Tradicional<br \/>\nTama\u00f1o: 21.4 x 28 cm<br \/>\nTintas: 4 x 1 (Color al Frente y Escala de Grises al Reverso)<br \/>\nAcabados: Barniz al Frente<br \/>\nEl costo publicado es por Millar<\/p>\n","protected":false},"excerpt":{"rendered":"<p>Volantes Carta 21.4 x 28 cm Tipo: Volantes Papel: Couch\u00e9 Brillante de 135 g Tipo de Impresi\u00f3n: Offset Tradicional Tama\u00f1o: 21.4 x 28 cm Tintas: 4 x 1 (Color al Frente y Escala de Grises al Reverso) Acabados: Barniz al Frente El costo publicado es por Millar<\/p>\n","protected":false},"featured_media":15993,"comment_status":"open","ping_status":"closed","template":"","meta":{"rs_blank_template":"","rs_page_bg_color":"","slide_template_v7":""},"product_brand":[],"product_cat":[96],"product_tag":[],"class_list":{"0":"post-15995","1":"product","2":"type-product","3":"status-publish","4":"has-post-thumbnail","6":"product_cat-volantes","8":"first","9":"instock","10":"shipping-taxable","11":"purchasable","12":"product-type-simple"},"_links":{"self":[{"href":"https:\/\/publitec.lat\/index.php\/wp-json\/wp\/v2\/product\/15995","targetHints":{"allow":["GET"]}}],"collection":[{"href":"https:\/\/publitec.lat\/index.php\/wp-json\/wp\/v2\/product"}],"about":[{"href":"https:\/\/publitec.lat\/index.php\/wp-json\/wp\/v2\/types\/product"}],"replies":[{"embeddable":true,"href":"https:\/\/publitec.lat\/index.php\/wp-json\/wp\/v2\/comments?post=15995"}],"wp:featuredmedia":[{"embeddable":true,"href":"https:\/\/publitec.lat\/index.php\/wp-json\/wp\/v2\/media\/15993"}],"wp:attachment":[{"href":"https:\/\/publitec.lat\/index.php\/wp-json\/wp\/v2\/media?parent=15995"}],"wp:term":[{"taxonomy":"product_brand","embeddable":true,"href":"https:\/\/publitec.lat\/index.php\/wp-json\/wp\/v2\/product_brand?post=15995"},{"taxonomy":"product_cat","embeddable":true,"href":"https:\/\/publitec.lat\/index.php\/wp-json\/wp\/v2\/product_cat?post=15995"},{"taxonomy":"product_tag","embeddable":true,"href":"https:\/\/publitec.lat\/index.php\/wp-json\/wp\/v2\/product_tag?post=15995"}],"curies":[{"name":"wp","href":"https:\/\/api.w.org\/{rel}","templated":true}]}}