{"id":15971,"date":"2026-05-01T03:05:30","date_gmt":"2026-05-01T03:05:30","guid":{"rendered":"https:\/\/publitec.lat\/index.php\/product\/menus-tamano-carta-50-pz\/"},"modified":"2026-05-01T03:05:30","modified_gmt":"2026-05-01T03:05:30","slug":"menus-tamano-carta-50-pz","status":"publish","type":"product","link":"https:\/\/publitec.lat\/index.php\/product\/menus-tamano-carta-50-pz\/","title":{"rendered":"Men\u00fas Tama\u00f1o Carta (50 pz)"},"content":{"rendered":"<p>Men\u00fas Tama\u00f1o Carta<br \/>\nTipo: Men\u00fas<br \/>\nPapel: Couch\u00e9 Brillante de 300 g<br \/>\nTama\u00f1o: 28 x 21.5 cm<br \/>\nTintas: 4 x 4 (a color por ambos lados)<br \/>\nAcabados: Encapsulado Mate<br \/>\nEl costo publicado es por 50 pz<\/p>\n","protected":false},"excerpt":{"rendered":"<p>Men\u00fas Tama\u00f1o Carta Tipo: Men\u00fas Papel: Couch\u00e9 Brillante de 300 g Tama\u00f1o: 28 x 21.5 cm Tintas: 4 x 4 (a color por ambos lados) Acabados: Encapsulado Mate El costo publicado es por 50 pz<\/p>\n","protected":false},"featured_media":15970,"comment_status":"open","ping_status":"closed","template":"","meta":{"rs_blank_template":"","rs_page_bg_color":"","slide_template_v7":""},"product_brand":[],"product_cat":[95],"product_tag":[],"class_list":{"0":"post-15971","1":"product","2":"type-product","3":"status-publish","4":"has-post-thumbnail","6":"product_cat-restaurantes","8":"first","9":"instock","10":"shipping-taxable","11":"purchasable","12":"product-type-simple"},"_links":{"self":[{"href":"https:\/\/publitec.lat\/index.php\/wp-json\/wp\/v2\/product\/15971","targetHints":{"allow":["GET"]}}],"collection":[{"href":"https:\/\/publitec.lat\/index.php\/wp-json\/wp\/v2\/product"}],"about":[{"href":"https:\/\/publitec.lat\/index.php\/wp-json\/wp\/v2\/types\/product"}],"replies":[{"embeddable":true,"href":"https:\/\/publitec.lat\/index.php\/wp-json\/wp\/v2\/comments?post=15971"}],"wp:featuredmedia":[{"embeddable":true,"href":"https:\/\/publitec.lat\/index.php\/wp-json\/wp\/v2\/media\/15970"}],"wp:attachment":[{"href":"https:\/\/publitec.lat\/index.php\/wp-json\/wp\/v2\/media?parent=15971"}],"wp:term":[{"taxonomy":"product_brand","embeddable":true,"href":"https:\/\/publitec.lat\/index.php\/wp-json\/wp\/v2\/product_brand?post=15971"},{"taxonomy":"product_cat","embeddable":true,"href":"https:\/\/publitec.lat\/index.php\/wp-json\/wp\/v2\/product_cat?post=15971"},{"taxonomy":"product_tag","embeddable":true,"href":"https:\/\/publitec.lat\/index.php\/wp-json\/wp\/v2\/product_tag?post=15971"}],"curies":[{"name":"wp","href":"https:\/\/api.w.org\/{rel}","templated":true}]}}