{"id":15963,"date":"2026-05-01T03:05:27","date_gmt":"2026-05-01T03:05:27","guid":{"rendered":"https:\/\/publitec.lat\/index.php\/product\/letras-3d-en-aluminio\/"},"modified":"2026-05-01T03:05:37","modified_gmt":"2026-05-01T03:05:37","slug":"letras-3d-en-aluminio","status":"publish","type":"product","link":"https:\/\/publitec.lat\/index.php\/product\/letras-3d-en-aluminio\/","title":{"rendered":"Letras 3D en Aluminio"},"content":{"rendered":"<p>Creaci\u00f3n de letras 3D en aluminio con y sin iluminaci\u00f3n en LED a 110 v.<br \/>\nPara obtener un costo m\u00e1s aproximado multiplica cada cm de altura por cada letra por $ 35.<br \/>\nPor ejemplo:<br \/>\nSi requieres cotizar la palabra &#8220;SALON&#8221; y cada letra mide 40 cm de alto, haz lo siguiente:<br \/>\n\u2013 40 cm x $ 35 = $ 1,400 por letra<br \/>\n\u2013 $ 1,400 x 5 (SALON) = $ 7,000<br \/>\n\u2013 $ 7,000 Total del proyecto<br \/>\nEl costo publicado es s\u00f3lo de referencia.<\/p>\n","protected":false},"excerpt":{"rendered":"<p>Creaci\u00f3n de letras 3D en aluminio con y sin iluminaci\u00f3n en LED a 110 v. Para obtener un costo m\u00e1s aproximado multiplica cada cm de altura por cada letra por $ 35. Por ejemplo: Si requieres cotizar la palabra &#8220;SALON&#8221; y cada letra mide 40 cm de alto, haz lo siguiente: \u2013 40 cm x [&hellip;]<\/p>\n","protected":false},"featured_media":15961,"comment_status":"open","ping_status":"closed","template":"","meta":{"rs_blank_template":"","rs_page_bg_color":"","slide_template_v7":""},"product_brand":[],"product_cat":[95],"product_tag":[],"class_list":{"0":"post-15963","1":"product","2":"type-product","3":"status-publish","4":"has-post-thumbnail","6":"product_cat-restaurantes","8":"first","9":"instock","10":"shipping-taxable","11":"purchasable","12":"product-type-simple"},"_links":{"self":[{"href":"https:\/\/publitec.lat\/index.php\/wp-json\/wp\/v2\/product\/15963","targetHints":{"allow":["GET"]}}],"collection":[{"href":"https:\/\/publitec.lat\/index.php\/wp-json\/wp\/v2\/product"}],"about":[{"href":"https:\/\/publitec.lat\/index.php\/wp-json\/wp\/v2\/types\/product"}],"replies":[{"embeddable":true,"href":"https:\/\/publitec.lat\/index.php\/wp-json\/wp\/v2\/comments?post=15963"}],"wp:featuredmedia":[{"embeddable":true,"href":"https:\/\/publitec.lat\/index.php\/wp-json\/wp\/v2\/media\/15961"}],"wp:attachment":[{"href":"https:\/\/publitec.lat\/index.php\/wp-json\/wp\/v2\/media?parent=15963"}],"wp:term":[{"taxonomy":"product_brand","embeddable":true,"href":"https:\/\/publitec.lat\/index.php\/wp-json\/wp\/v2\/product_brand?post=15963"},{"taxonomy":"product_cat","embeddable":true,"href":"https:\/\/publitec.lat\/index.php\/wp-json\/wp\/v2\/product_cat?post=15963"},{"taxonomy":"product_tag","embeddable":true,"href":"https:\/\/publitec.lat\/index.php\/wp-json\/wp\/v2\/product_tag?post=15963"}],"curies":[{"name":"wp","href":"https:\/\/api.w.org\/{rel}","templated":true}]}}