{"id":15943,"date":"2026-05-01T03:05:18","date_gmt":"2026-05-01T03:05:18","guid":{"rendered":"https:\/\/publitec.lat\/index.php\/product\/iman-publicitario-de-5-x-10-cm-100-pz\/"},"modified":"2026-05-01T03:05:18","modified_gmt":"2026-05-01T03:05:18","slug":"iman-publicitario-de-5-x-10-cm-100-pz","status":"publish","type":"product","link":"https:\/\/publitec.lat\/index.php\/product\/iman-publicitario-de-5-x-10-cm-100-pz\/","title":{"rendered":"Im\u00e1n Publicitario de 5 x 10 cm (100 pz)"},"content":{"rendered":"<p>Im\u00e1n Publicitario de 5 x 10 cm<br \/>\nTipo: Im\u00e1n Publicitario<br \/>\nSustrato: Vinil imantado<br \/>\nCalibre: 20<br \/>\nMedida: 5 x 10 cm<br \/>\nTipo de Impresi\u00f3n: Digital<br \/>\nTinta Base: Eco solvente<br \/>\nResoluci\u00f3n: 1440 pdi&#8217;s<br \/>\nTiempo de entrega 2 d\u00edas h\u00e1biles.<br \/>\nEl costo publicado es por 100 pz<\/p>\n","protected":false},"excerpt":{"rendered":"<p>Im\u00e1n Publicitario de 5 x 10 cm Tipo: Im\u00e1n Publicitario Sustrato: Vinil imantado Calibre: 20 Medida: 5 x 10 cm Tipo de Impresi\u00f3n: Digital Tinta Base: Eco solvente Resoluci\u00f3n: 1440 pdi&#8217;s Tiempo de entrega 2 d\u00edas h\u00e1biles. El costo publicado es por 100 pz<\/p>\n","protected":false},"featured_media":15942,"comment_status":"open","ping_status":"closed","template":"","meta":{"rs_blank_template":"","rs_page_bg_color":"","slide_template_v7":""},"product_brand":[],"product_cat":[95],"product_tag":[],"class_list":{"0":"post-15943","1":"product","2":"type-product","3":"status-publish","4":"has-post-thumbnail","6":"product_cat-restaurantes","8":"first","9":"instock","10":"shipping-taxable","11":"purchasable","12":"product-type-simple"},"_links":{"self":[{"href":"https:\/\/publitec.lat\/index.php\/wp-json\/wp\/v2\/product\/15943","targetHints":{"allow":["GET"]}}],"collection":[{"href":"https:\/\/publitec.lat\/index.php\/wp-json\/wp\/v2\/product"}],"about":[{"href":"https:\/\/publitec.lat\/index.php\/wp-json\/wp\/v2\/types\/product"}],"replies":[{"embeddable":true,"href":"https:\/\/publitec.lat\/index.php\/wp-json\/wp\/v2\/comments?post=15943"}],"wp:featuredmedia":[{"embeddable":true,"href":"https:\/\/publitec.lat\/index.php\/wp-json\/wp\/v2\/media\/15942"}],"wp:attachment":[{"href":"https:\/\/publitec.lat\/index.php\/wp-json\/wp\/v2\/media?parent=15943"}],"wp:term":[{"taxonomy":"product_brand","embeddable":true,"href":"https:\/\/publitec.lat\/index.php\/wp-json\/wp\/v2\/product_brand?post=15943"},{"taxonomy":"product_cat","embeddable":true,"href":"https:\/\/publitec.lat\/index.php\/wp-json\/wp\/v2\/product_cat?post=15943"},{"taxonomy":"product_tag","embeddable":true,"href":"https:\/\/publitec.lat\/index.php\/wp-json\/wp\/v2\/product_tag?post=15943"}],"curies":[{"name":"wp","href":"https:\/\/api.w.org\/{rel}","templated":true}]}}