{"id":15866,"date":"2026-05-01T02:44:02","date_gmt":"2026-05-01T02:44:02","guid":{"rendered":"https:\/\/publitec.lat\/index.php\/product\/sudaderas-estampadas-con-dtf-textil-10-pz\/"},"modified":"2026-05-01T02:45:48","modified_gmt":"2026-05-01T02:45:48","slug":"sudaderas-estampadas-con-dtf-textil-10-pz","status":"publish","type":"product","link":"https:\/\/publitec.lat\/index.php\/product\/sudaderas-estampadas-con-dtf-textil-10-pz\/","title":{"rendered":"Sudaderas Estampadas con DTF Textil (10 pz)"},"content":{"rendered":"<p>Sudaderas con cangurera y gorro personalizadas 100% algod\u00f3n estampadas con DTF texil.<br \/>\nEl costo publicado incluye estampado en el pecho y en la espalda.<br \/>\nEscr\u00edbenos para una cotizaci\u00f3n personalizada.<br \/>\nCosto por mayoreo a partir de 10 pz<\/p>\n","protected":false},"excerpt":{"rendered":"<p>Sudaderas con cangurera y gorro personalizadas 100% algod\u00f3n estampadas con DTF texil. El costo publicado incluye estampado en el pecho y en la espalda. Escr\u00edbenos para una cotizaci\u00f3n personalizada. Costo por mayoreo a partir de 10 pz<\/p>\n","protected":false},"featured_media":15865,"comment_status":"open","ping_status":"closed","template":"","meta":{"rs_blank_template":"","rs_page_bg_color":"","slide_template_v7":""},"product_brand":[],"product_cat":[94],"product_tag":[],"class_list":{"0":"post-15866","1":"product","2":"type-product","3":"status-publish","4":"has-post-thumbnail","6":"product_cat-regalos-personlaizados","8":"first","9":"instock","10":"shipping-taxable","11":"purchasable","12":"product-type-simple"},"_links":{"self":[{"href":"https:\/\/publitec.lat\/index.php\/wp-json\/wp\/v2\/product\/15866","targetHints":{"allow":["GET"]}}],"collection":[{"href":"https:\/\/publitec.lat\/index.php\/wp-json\/wp\/v2\/product"}],"about":[{"href":"https:\/\/publitec.lat\/index.php\/wp-json\/wp\/v2\/types\/product"}],"replies":[{"embeddable":true,"href":"https:\/\/publitec.lat\/index.php\/wp-json\/wp\/v2\/comments?post=15866"}],"wp:featuredmedia":[{"embeddable":true,"href":"https:\/\/publitec.lat\/index.php\/wp-json\/wp\/v2\/media\/15865"}],"wp:attachment":[{"href":"https:\/\/publitec.lat\/index.php\/wp-json\/wp\/v2\/media?parent=15866"}],"wp:term":[{"taxonomy":"product_brand","embeddable":true,"href":"https:\/\/publitec.lat\/index.php\/wp-json\/wp\/v2\/product_brand?post=15866"},{"taxonomy":"product_cat","embeddable":true,"href":"https:\/\/publitec.lat\/index.php\/wp-json\/wp\/v2\/product_cat?post=15866"},{"taxonomy":"product_tag","embeddable":true,"href":"https:\/\/publitec.lat\/index.php\/wp-json\/wp\/v2\/product_tag?post=15866"}],"curies":[{"name":"wp","href":"https:\/\/api.w.org\/{rel}","templated":true}]}}