{"id":15862,"date":"2026-05-01T02:44:00","date_gmt":"2026-05-01T02:44:00","guid":{"rendered":"https:\/\/publitec.lat\/index.php\/product\/playeras-estampadas-en-dtf-textil\/"},"modified":"2026-05-01T02:44:00","modified_gmt":"2026-05-01T02:44:00","slug":"playeras-estampadas-en-dtf-textil","status":"publish","type":"product","link":"https:\/\/publitec.lat\/index.php\/product\/playeras-estampadas-en-dtf-textil\/","title":{"rendered":"Playeras Estampadas en DTF Textil"},"content":{"rendered":"<p>Playeras personalizadas de cuello redondo manga corta 100% algod\u00f3n estampadas con DTF texil.<br \/>\nEl costo publicado es por un solo estampado, ya sea frente o vuelta.<br \/>\nEscr\u00edbenos para una cotizaci\u00f3n personalizada.<br \/>\nEl costo publicado es por 10 pz<\/p>\n","protected":false},"excerpt":{"rendered":"<p>Playeras personalizadas de cuello redondo manga corta 100% algod\u00f3n estampadas con DTF texil. El costo publicado es por un solo estampado, ya sea frente o vuelta. Escr\u00edbenos para una cotizaci\u00f3n personalizada. El costo publicado es por 10 pz<\/p>\n","protected":false},"featured_media":15861,"comment_status":"open","ping_status":"closed","template":"","meta":{"rs_blank_template":"","rs_page_bg_color":"","slide_template_v7":""},"product_brand":[],"product_cat":[94],"product_tag":[],"class_list":{"0":"post-15862","1":"product","2":"type-product","3":"status-publish","4":"has-post-thumbnail","6":"product_cat-regalos-personlaizados","8":"first","9":"instock","10":"shipping-taxable","11":"purchasable","12":"product-type-simple"},"_links":{"self":[{"href":"https:\/\/publitec.lat\/index.php\/wp-json\/wp\/v2\/product\/15862","targetHints":{"allow":["GET"]}}],"collection":[{"href":"https:\/\/publitec.lat\/index.php\/wp-json\/wp\/v2\/product"}],"about":[{"href":"https:\/\/publitec.lat\/index.php\/wp-json\/wp\/v2\/types\/product"}],"replies":[{"embeddable":true,"href":"https:\/\/publitec.lat\/index.php\/wp-json\/wp\/v2\/comments?post=15862"}],"wp:featuredmedia":[{"embeddable":true,"href":"https:\/\/publitec.lat\/index.php\/wp-json\/wp\/v2\/media\/15861"}],"wp:attachment":[{"href":"https:\/\/publitec.lat\/index.php\/wp-json\/wp\/v2\/media?parent=15862"}],"wp:term":[{"taxonomy":"product_brand","embeddable":true,"href":"https:\/\/publitec.lat\/index.php\/wp-json\/wp\/v2\/product_brand?post=15862"},{"taxonomy":"product_cat","embeddable":true,"href":"https:\/\/publitec.lat\/index.php\/wp-json\/wp\/v2\/product_cat?post=15862"},{"taxonomy":"product_tag","embeddable":true,"href":"https:\/\/publitec.lat\/index.php\/wp-json\/wp\/v2\/product_tag?post=15862"}],"curies":[{"name":"wp","href":"https:\/\/api.w.org\/{rel}","templated":true}]}}