{"id":15858,"date":"2026-05-01T02:43:57","date_gmt":"2026-05-01T02:43:57","guid":{"rendered":"https:\/\/publitec.lat\/index.php\/product\/cilindro-lake-de-850-ml-10-pz\/"},"modified":"2026-05-01T02:45:47","modified_gmt":"2026-05-01T02:45:47","slug":"cilindro-lake-de-850-ml-10-pz","status":"publish","type":"product","link":"https:\/\/publitec.lat\/index.php\/product\/cilindro-lake-de-850-ml-10-pz\/","title":{"rendered":"Cilindro Lake de 850 ml (10 pz)"},"content":{"rendered":"<p>Cilindro de pl\u00e1stico trasl\u00facido con estampado a color, puede ir en un s\u00f3lo lado o en ambos, apto para bebidas fr\u00edas con sistema de rosca twist-off que permite abrir y cerrar la tapa en un giro. Con capacidad de 850 ml.<br \/>\nColores disponibles: Negro, blanco transparente, azul, morado, verde<br \/>\nEl costo publicado es por 10 pz<\/p>\n","protected":false},"excerpt":{"rendered":"<p>Cilindro de pl\u00e1stico trasl\u00facido con estampado a color, puede ir en un s\u00f3lo lado o en ambos, apto para bebidas fr\u00edas con sistema de rosca twist-off que permite abrir y cerrar la tapa en un giro. Con capacidad de 850 ml. Colores disponibles: Negro, blanco transparente, azul, morado, verde El costo publicado es por 10 [&hellip;]<\/p>\n","protected":false},"featured_media":15857,"comment_status":"open","ping_status":"closed","template":"","meta":{"rs_blank_template":"","rs_page_bg_color":"","slide_template_v7":""},"product_brand":[],"product_cat":[94],"product_tag":[],"class_list":{"0":"post-15858","1":"product","2":"type-product","3":"status-publish","4":"has-post-thumbnail","6":"product_cat-regalos-personlaizados","8":"first","9":"instock","10":"shipping-taxable","11":"purchasable","12":"product-type-simple"},"_links":{"self":[{"href":"https:\/\/publitec.lat\/index.php\/wp-json\/wp\/v2\/product\/15858","targetHints":{"allow":["GET"]}}],"collection":[{"href":"https:\/\/publitec.lat\/index.php\/wp-json\/wp\/v2\/product"}],"about":[{"href":"https:\/\/publitec.lat\/index.php\/wp-json\/wp\/v2\/types\/product"}],"replies":[{"embeddable":true,"href":"https:\/\/publitec.lat\/index.php\/wp-json\/wp\/v2\/comments?post=15858"}],"wp:featuredmedia":[{"embeddable":true,"href":"https:\/\/publitec.lat\/index.php\/wp-json\/wp\/v2\/media\/15857"}],"wp:attachment":[{"href":"https:\/\/publitec.lat\/index.php\/wp-json\/wp\/v2\/media?parent=15858"}],"wp:term":[{"taxonomy":"product_brand","embeddable":true,"href":"https:\/\/publitec.lat\/index.php\/wp-json\/wp\/v2\/product_brand?post=15858"},{"taxonomy":"product_cat","embeddable":true,"href":"https:\/\/publitec.lat\/index.php\/wp-json\/wp\/v2\/product_cat?post=15858"},{"taxonomy":"product_tag","embeddable":true,"href":"https:\/\/publitec.lat\/index.php\/wp-json\/wp\/v2\/product_tag?post=15858"}],"curies":[{"name":"wp","href":"https:\/\/api.w.org\/{rel}","templated":true}]}}