{"id":15856,"date":"2026-05-01T02:43:57","date_gmt":"2026-05-01T02:43:57","guid":{"rendered":"https:\/\/publitec.lat\/index.php\/product\/bolsa-de-manta-de-40-x-40-cm-25-pz\/"},"modified":"2026-05-01T02:43:57","modified_gmt":"2026-05-01T02:43:57","slug":"bolsa-de-manta-de-40-x-40-cm-25-pz","status":"publish","type":"product","link":"https:\/\/publitec.lat\/index.php\/product\/bolsa-de-manta-de-40-x-40-cm-25-pz\/","title":{"rendered":"Bolsa de Manta de 40 x 40 cm (25 pz)"},"content":{"rendered":"<p>Bolsa de Manta de 40 x 40 cm con Asas de 24 cm de Largo<br \/>\nBolsa de manta con asas y con estampado en DTF Textil a color por ambos lados.<\/p>\n<p> Material: 100% Algod\u00f3n<br \/>\n Tela de gran suavidad: Cada bolsa est\u00e1 elaborada de tela hecha con algod\u00f3n 100% org\u00e1nico, y una de sus caracter\u00edsticas principales de este material es que tiene una textura agradable al tacto, esto te otorga una suavidad delicada, c\u00f3moda y fresca.<br \/>\n Este producto se puede doblar f\u00e1cilmente y guardarla en cualquier lado<br \/>\n Excelente calidad y precio<br \/>\n Utilizable para cargar cosas ligeras.<br \/>\nEl costo publicado es por 25 pz. Si requieres otra cantidad, cont\u00e1ctanos.<\/p>\n","protected":false},"excerpt":{"rendered":"<p>Bolsa de Manta de 40 x 40 cm con Asas de 24 cm de Largo Bolsa de manta con asas y con estampado en DTF Textil a color por ambos lados. Material: 100% Algod\u00f3n Tela de gran suavidad: Cada bolsa est\u00e1 elaborada de tela hecha con algod\u00f3n 100% org\u00e1nico, y una de sus caracter\u00edsticas principales [&hellip;]<\/p>\n","protected":false},"featured_media":0,"comment_status":"open","ping_status":"closed","template":"","meta":{"rs_blank_template":"","rs_page_bg_color":"","slide_template_v7":""},"product_brand":[],"product_cat":[94],"product_tag":[],"class_list":{"0":"post-15856","1":"product","2":"type-product","3":"status-publish","5":"product_cat-regalos-personlaizados","7":"first","8":"instock","9":"shipping-taxable","10":"purchasable","11":"product-type-simple"},"_links":{"self":[{"href":"https:\/\/publitec.lat\/index.php\/wp-json\/wp\/v2\/product\/15856","targetHints":{"allow":["GET"]}}],"collection":[{"href":"https:\/\/publitec.lat\/index.php\/wp-json\/wp\/v2\/product"}],"about":[{"href":"https:\/\/publitec.lat\/index.php\/wp-json\/wp\/v2\/types\/product"}],"replies":[{"embeddable":true,"href":"https:\/\/publitec.lat\/index.php\/wp-json\/wp\/v2\/comments?post=15856"}],"wp:attachment":[{"href":"https:\/\/publitec.lat\/index.php\/wp-json\/wp\/v2\/media?parent=15856"}],"wp:term":[{"taxonomy":"product_brand","embeddable":true,"href":"https:\/\/publitec.lat\/index.php\/wp-json\/wp\/v2\/product_brand?post=15856"},{"taxonomy":"product_cat","embeddable":true,"href":"https:\/\/publitec.lat\/index.php\/wp-json\/wp\/v2\/product_cat?post=15856"},{"taxonomy":"product_tag","embeddable":true,"href":"https:\/\/publitec.lat\/index.php\/wp-json\/wp\/v2\/product_tag?post=15856"}],"curies":[{"name":"wp","href":"https:\/\/api.w.org\/{rel}","templated":true}]}}