{"id":15828,"date":"2026-05-01T02:40:41","date_gmt":"2026-05-01T02:40:41","guid":{"rendered":"https:\/\/publitec.lat\/index.php\/product\/termo-tipo-yeti-rambler-liso-con-grabado-laser-de-30-oz-10-pz\/"},"modified":"2026-05-01T02:41:20","modified_gmt":"2026-05-01T02:41:20","slug":"termo-tipo-yeti-rambler-liso-con-grabado-laser-de-30-oz-10-pz","status":"publish","type":"product","link":"https:\/\/publitec.lat\/index.php\/product\/termo-tipo-yeti-rambler-liso-con-grabado-laser-de-30-oz-10-pz\/","title":{"rendered":"Termo Tipo Yeti Rambler Liso con Grabado L\u00e1ser de 30 oz (10 pz)"},"content":{"rendered":"<p>Termo tipo YETI Rambler Liso con Grabado L\u00e1ser de 30 oz<br \/>\nTermo tipo YETI Rambler Vaso de 30 onzas, con doble pared de acero inoxidable, aislado al vac\u00edo con tapa MagSlider con grabado l\u00e1ser personalizado.<br \/>\nEl costo publicado es por 10 pz<\/p>\n","protected":false},"excerpt":{"rendered":"<p>Termo tipo YETI Rambler Liso con Grabado L\u00e1ser de 30 oz Termo tipo YETI Rambler Vaso de 30 onzas, con doble pared de acero inoxidable, aislado al vac\u00edo con tapa MagSlider con grabado l\u00e1ser personalizado. El costo publicado es por 10 pz<\/p>\n","protected":false},"featured_media":15825,"comment_status":"open","ping_status":"closed","template":"","meta":{"rs_blank_template":"","rs_page_bg_color":"","slide_template_v7":""},"product_brand":[],"product_cat":[81],"product_tag":[],"class_list":{"0":"post-15828","1":"product","2":"type-product","3":"status-publish","4":"has-post-thumbnail","6":"product_cat-laser","8":"first","9":"instock","10":"shipping-taxable","11":"purchasable","12":"product-type-simple"},"_links":{"self":[{"href":"https:\/\/publitec.lat\/index.php\/wp-json\/wp\/v2\/product\/15828","targetHints":{"allow":["GET"]}}],"collection":[{"href":"https:\/\/publitec.lat\/index.php\/wp-json\/wp\/v2\/product"}],"about":[{"href":"https:\/\/publitec.lat\/index.php\/wp-json\/wp\/v2\/types\/product"}],"replies":[{"embeddable":true,"href":"https:\/\/publitec.lat\/index.php\/wp-json\/wp\/v2\/comments?post=15828"}],"wp:featuredmedia":[{"embeddable":true,"href":"https:\/\/publitec.lat\/index.php\/wp-json\/wp\/v2\/media\/15825"}],"wp:attachment":[{"href":"https:\/\/publitec.lat\/index.php\/wp-json\/wp\/v2\/media?parent=15828"}],"wp:term":[{"taxonomy":"product_brand","embeddable":true,"href":"https:\/\/publitec.lat\/index.php\/wp-json\/wp\/v2\/product_brand?post=15828"},{"taxonomy":"product_cat","embeddable":true,"href":"https:\/\/publitec.lat\/index.php\/wp-json\/wp\/v2\/product_cat?post=15828"},{"taxonomy":"product_tag","embeddable":true,"href":"https:\/\/publitec.lat\/index.php\/wp-json\/wp\/v2\/product_tag?post=15828"}],"curies":[{"name":"wp","href":"https:\/\/api.w.org\/{rel}","templated":true}]}}