{"id":15818,"date":"2026-05-01T02:18:59","date_gmt":"2026-05-01T02:18:59","guid":{"rendered":"https:\/\/publitec.lat\/index.php\/product\/gorra-sublimada-tipo-malla-con-dtf-textil-10-pz\/"},"modified":"2026-05-01T02:18:59","modified_gmt":"2026-05-01T02:18:59","slug":"gorra-sublimada-tipo-malla-con-dtf-textil-10-pz","status":"publish","type":"product","link":"https:\/\/publitec.lat\/index.php\/product\/gorra-sublimada-tipo-malla-con-dtf-textil-10-pz\/","title":{"rendered":"Gorra Sublimada Tipo Malla con DTF Textil (10 pz)"},"content":{"rendered":"<p>Gorra sublimada de esponja de poli\u00e9ster con rejilla o malla en la parte de atr\u00e1s, con broche de pl\u00e1stico, frente blanco con rejilla y visera de diferente color.<br \/>\nEl costo publicado es por 10 pz<\/p>\n","protected":false},"excerpt":{"rendered":"<p>Gorra sublimada de esponja de poli\u00e9ster con rejilla o malla en la parte de atr\u00e1s, con broche de pl\u00e1stico, frente blanco con rejilla y visera de diferente color. El costo publicado es por 10 pz<\/p>\n","protected":false},"featured_media":15817,"comment_status":"open","ping_status":"closed","template":"","meta":{"rs_blank_template":"","rs_page_bg_color":"","slide_template_v7":""},"product_brand":[],"product_cat":[78],"product_tag":[],"class_list":{"0":"post-15818","1":"product","2":"type-product","3":"status-publish","4":"has-post-thumbnail","6":"product_cat-gorras","8":"first","9":"instock","10":"shipping-taxable","11":"purchasable","12":"product-type-simple"},"_links":{"self":[{"href":"https:\/\/publitec.lat\/index.php\/wp-json\/wp\/v2\/product\/15818","targetHints":{"allow":["GET"]}}],"collection":[{"href":"https:\/\/publitec.lat\/index.php\/wp-json\/wp\/v2\/product"}],"about":[{"href":"https:\/\/publitec.lat\/index.php\/wp-json\/wp\/v2\/types\/product"}],"replies":[{"embeddable":true,"href":"https:\/\/publitec.lat\/index.php\/wp-json\/wp\/v2\/comments?post=15818"}],"wp:featuredmedia":[{"embeddable":true,"href":"https:\/\/publitec.lat\/index.php\/wp-json\/wp\/v2\/media\/15817"}],"wp:attachment":[{"href":"https:\/\/publitec.lat\/index.php\/wp-json\/wp\/v2\/media?parent=15818"}],"wp:term":[{"taxonomy":"product_brand","embeddable":true,"href":"https:\/\/publitec.lat\/index.php\/wp-json\/wp\/v2\/product_brand?post=15818"},{"taxonomy":"product_cat","embeddable":true,"href":"https:\/\/publitec.lat\/index.php\/wp-json\/wp\/v2\/product_cat?post=15818"},{"taxonomy":"product_tag","embeddable":true,"href":"https:\/\/publitec.lat\/index.php\/wp-json\/wp\/v2\/product_tag?post=15818"}],"curies":[{"name":"wp","href":"https:\/\/api.w.org\/{rel}","templated":true}]}}