{"id":15815,"date":"2026-05-01T02:18:57","date_gmt":"2026-05-01T02:18:57","guid":{"rendered":"https:\/\/publitec.lat\/index.php\/product\/gorra-bordada-de-6-gajos-10-pz\/"},"modified":"2026-05-01T02:18:57","modified_gmt":"2026-05-01T02:18:57","slug":"gorra-bordada-de-6-gajos-10-pz","status":"publish","type":"product","link":"https:\/\/publitec.lat\/index.php\/product\/gorra-bordada-de-6-gajos-10-pz\/","title":{"rendered":"Gorra Bordada de 6 Gajos (10 pz)"},"content":{"rendered":"<p>Gorra bordada de 100% poli\u00e9ster con fusi\u00f3n en frente de 6 gajos, completamente cerrada a una sola medida, con resorte en la parte de atr\u00e1s para que pueda moldearse a la cabeza de cada cliente.<\/p>\n","protected":false},"excerpt":{"rendered":"<p>Gorra bordada de 100% poli\u00e9ster con fusi\u00f3n en frente de 6 gajos, completamente cerrada a una sola medida, con resorte en la parte de atr\u00e1s para que pueda moldearse a la cabeza de cada cliente.<\/p>\n","protected":false},"featured_media":15813,"comment_status":"open","ping_status":"closed","template":"","meta":{"rs_blank_template":"","rs_page_bg_color":"","slide_template_v7":""},"product_brand":[],"product_cat":[78],"product_tag":[],"class_list":{"0":"post-15815","1":"product","2":"type-product","3":"status-publish","4":"has-post-thumbnail","6":"product_cat-gorras","8":"first","9":"instock","10":"shipping-taxable","11":"purchasable","12":"product-type-simple"},"_links":{"self":[{"href":"https:\/\/publitec.lat\/index.php\/wp-json\/wp\/v2\/product\/15815","targetHints":{"allow":["GET"]}}],"collection":[{"href":"https:\/\/publitec.lat\/index.php\/wp-json\/wp\/v2\/product"}],"about":[{"href":"https:\/\/publitec.lat\/index.php\/wp-json\/wp\/v2\/types\/product"}],"replies":[{"embeddable":true,"href":"https:\/\/publitec.lat\/index.php\/wp-json\/wp\/v2\/comments?post=15815"}],"wp:featuredmedia":[{"embeddable":true,"href":"https:\/\/publitec.lat\/index.php\/wp-json\/wp\/v2\/media\/15813"}],"wp:attachment":[{"href":"https:\/\/publitec.lat\/index.php\/wp-json\/wp\/v2\/media?parent=15815"}],"wp:term":[{"taxonomy":"product_brand","embeddable":true,"href":"https:\/\/publitec.lat\/index.php\/wp-json\/wp\/v2\/product_brand?post=15815"},{"taxonomy":"product_cat","embeddable":true,"href":"https:\/\/publitec.lat\/index.php\/wp-json\/wp\/v2\/product_cat?post=15815"},{"taxonomy":"product_tag","embeddable":true,"href":"https:\/\/publitec.lat\/index.php\/wp-json\/wp\/v2\/product_tag?post=15815"}],"curies":[{"name":"wp","href":"https:\/\/api.w.org\/{rel}","templated":true}]}}