{"id":15778,"date":"2026-04-30T22:59:39","date_gmt":"2026-04-30T22:59:39","guid":{"rendered":"https:\/\/publitec.lat\/index.php\/product\/vinil-electroestatico-1200-dpis\/"},"modified":"2026-04-30T22:59:39","modified_gmt":"2026-04-30T22:59:39","slug":"vinil-electroestatico-1200-dpis","status":"publish","type":"product","link":"https:\/\/publitec.lat\/index.php\/product\/vinil-electroestatico-1200-dpis\/","title":{"rendered":"Vinil Electroest\u00e1tico (1200 dpi&#8217;s)"},"content":{"rendered":"<p>Sustrato: Vinil Electroest\u00e1tico Blanco\/Transparente<br \/>\nTinta Base: Solvente<br \/>\nResoluci\u00f3n: 1200 dpi&#8217;s<br \/>\nAcabados: Corte al Ras o con Rebase<br \/>\nDuraci\u00f3n: 1 A\u00f1o Expuesto a los Rayos Solares.<br \/>\nEste vinil lo puedes quitar y volver a poner cuantas veces quieras, ya que no contiene adhesivo, se adhiere a trav\u00e9s de la est\u00e1tica.<br \/>\nEl costo publicado es por metro lineal (Ancho de 1.32 m)<\/p>\n","protected":false},"excerpt":{"rendered":"<p>Sustrato: Vinil Electroest\u00e1tico Blanco\/Transparente Tinta Base: Solvente Resoluci\u00f3n: 1200 dpi&#8217;s Acabados: Corte al Ras o con Rebase Duraci\u00f3n: 1 A\u00f1o Expuesto a los Rayos Solares. Este vinil lo puedes quitar y volver a poner cuantas veces quieras, ya que no contiene adhesivo, se adhiere a trav\u00e9s de la est\u00e1tica. El costo publicado es por metro [&hellip;]<\/p>\n","protected":false},"featured_media":15777,"comment_status":"open","ping_status":"closed","template":"","meta":{"rs_blank_template":"","rs_page_bg_color":"","slide_template_v7":""},"product_brand":[],"product_cat":[87],"product_tag":[],"class_list":{"0":"post-15778","1":"product","2":"type-product","3":"status-publish","4":"has-post-thumbnail","6":"product_cat-rotulacion","8":"first","9":"instock","10":"shipping-taxable","11":"purchasable","12":"product-type-simple"},"_links":{"self":[{"href":"https:\/\/publitec.lat\/index.php\/wp-json\/wp\/v2\/product\/15778","targetHints":{"allow":["GET"]}}],"collection":[{"href":"https:\/\/publitec.lat\/index.php\/wp-json\/wp\/v2\/product"}],"about":[{"href":"https:\/\/publitec.lat\/index.php\/wp-json\/wp\/v2\/types\/product"}],"replies":[{"embeddable":true,"href":"https:\/\/publitec.lat\/index.php\/wp-json\/wp\/v2\/comments?post=15778"}],"wp:featuredmedia":[{"embeddable":true,"href":"https:\/\/publitec.lat\/index.php\/wp-json\/wp\/v2\/media\/15777"}],"wp:attachment":[{"href":"https:\/\/publitec.lat\/index.php\/wp-json\/wp\/v2\/media?parent=15778"}],"wp:term":[{"taxonomy":"product_brand","embeddable":true,"href":"https:\/\/publitec.lat\/index.php\/wp-json\/wp\/v2\/product_brand?post=15778"},{"taxonomy":"product_cat","embeddable":true,"href":"https:\/\/publitec.lat\/index.php\/wp-json\/wp\/v2\/product_cat?post=15778"},{"taxonomy":"product_tag","embeddable":true,"href":"https:\/\/publitec.lat\/index.php\/wp-json\/wp\/v2\/product_tag?post=15778"}],"curies":[{"name":"wp","href":"https:\/\/api.w.org\/{rel}","templated":true}]}}