{"id":15769,"date":"2026-04-30T22:59:34","date_gmt":"2026-04-30T22:59:34","guid":{"rendered":"https:\/\/publitec.lat\/index.php\/product\/lona-mesh-10-oz-1200-dpis\/"},"modified":"2026-04-30T22:59:34","modified_gmt":"2026-04-30T22:59:34","slug":"lona-mesh-10-oz-1200-dpis","status":"publish","type":"product","link":"https:\/\/publitec.lat\/index.php\/product\/lona-mesh-10-oz-1200-dpis\/","title":{"rendered":"Lona Mesh 10 oz (1200 dpi&#8217;s)"},"content":{"rendered":"<p>Lona Mesh de 10 oz a 1200 dpi&#8217;s<br \/>\nSustrato: Lona Mesh de 10 oz<br \/>\nTinta Base: Solvente<br \/>\nResoluci\u00f3n: 1200 dpi&#8217;s<br \/>\nAcabados: Dobladillo y Ojillos en las Esquinas<br \/>\nDuraci\u00f3n: 1 A\u00f1o Expuesta a los Rayos Solares<br \/>\nIdeal para zonas donde hay mucho viento, ya que al ser una lona de tipo malla, permite el libre paso del aire y as\u00ed evitar\u00e1 que se rompa.<br \/>\nEl precio publicado es por m\u00b2<\/p>\n","protected":false},"excerpt":{"rendered":"<p>Lona Mesh de 10 oz a 1200 dpi&#8217;s Sustrato: Lona Mesh de 10 oz Tinta Base: Solvente Resoluci\u00f3n: 1200 dpi&#8217;s Acabados: Dobladillo y Ojillos en las Esquinas Duraci\u00f3n: 1 A\u00f1o Expuesta a los Rayos Solares Ideal para zonas donde hay mucho viento, ya que al ser una lona de tipo malla, permite el libre paso [&hellip;]<\/p>\n","protected":false},"featured_media":15768,"comment_status":"open","ping_status":"closed","template":"","meta":{"rs_blank_template":"","rs_page_bg_color":"","slide_template_v7":""},"product_brand":[],"product_cat":[87],"product_tag":[],"class_list":{"0":"post-15769","1":"product","2":"type-product","3":"status-publish","4":"has-post-thumbnail","6":"product_cat-rotulacion","8":"first","9":"instock","10":"shipping-taxable","11":"purchasable","12":"product-type-simple"},"_links":{"self":[{"href":"https:\/\/publitec.lat\/index.php\/wp-json\/wp\/v2\/product\/15769","targetHints":{"allow":["GET"]}}],"collection":[{"href":"https:\/\/publitec.lat\/index.php\/wp-json\/wp\/v2\/product"}],"about":[{"href":"https:\/\/publitec.lat\/index.php\/wp-json\/wp\/v2\/types\/product"}],"replies":[{"embeddable":true,"href":"https:\/\/publitec.lat\/index.php\/wp-json\/wp\/v2\/comments?post=15769"}],"wp:featuredmedia":[{"embeddable":true,"href":"https:\/\/publitec.lat\/index.php\/wp-json\/wp\/v2\/media\/15768"}],"wp:attachment":[{"href":"https:\/\/publitec.lat\/index.php\/wp-json\/wp\/v2\/media?parent=15769"}],"wp:term":[{"taxonomy":"product_brand","embeddable":true,"href":"https:\/\/publitec.lat\/index.php\/wp-json\/wp\/v2\/product_brand?post=15769"},{"taxonomy":"product_cat","embeddable":true,"href":"https:\/\/publitec.lat\/index.php\/wp-json\/wp\/v2\/product_cat?post=15769"},{"taxonomy":"product_tag","embeddable":true,"href":"https:\/\/publitec.lat\/index.php\/wp-json\/wp\/v2\/product_tag?post=15769"}],"curies":[{"name":"wp","href":"https:\/\/api.w.org\/{rel}","templated":true}]}}