{"id":15763,"date":"2026-04-30T22:59:30","date_gmt":"2026-04-30T22:59:30","guid":{"rendered":"https:\/\/publitec.lat\/index.php\/product\/iman-publicitario-calibre-30-de-48-x-33-cm-100-pz\/"},"modified":"2026-04-30T22:59:30","modified_gmt":"2026-04-30T22:59:30","slug":"iman-publicitario-calibre-30-de-48-x-33-cm-100-pz","status":"publish","type":"product","link":"https:\/\/publitec.lat\/index.php\/product\/iman-publicitario-calibre-30-de-48-x-33-cm-100-pz\/","title":{"rendered":"Im\u00e1n Publicitario Calibre 30 de 48 x 33 cm (100 pz)"},"content":{"rendered":"<p>Im\u00e1n Publicitario Calibre 30 de 48 x 33 cm<br \/>\nTipo: Im\u00e1n Publicitario<br \/>\nSustrato: Vinil imantado<br \/>\nCalibre: 30<br \/>\nMedida: 48 x 33 cm<br \/>\nTipo de Impresi\u00f3n: Digital<br \/>\nTinta Base: Eco solvente<br \/>\nResoluci\u00f3n: 1440 pdi&#8217;s<br \/>\nAcabado: Cubierta Floorgraphic<br \/>\nTiempo de entrega 2 d\u00edas h\u00e1biles.<br \/>\nEl costo publicado es por 100 pz<\/p>\n","protected":false},"excerpt":{"rendered":"<p>Im\u00e1n Publicitario Calibre 30 de 48 x 33 cm Tipo: Im\u00e1n Publicitario Sustrato: Vinil imantado Calibre: 30 Medida: 48 x 33 cm Tipo de Impresi\u00f3n: Digital Tinta Base: Eco solvente Resoluci\u00f3n: 1440 pdi&#8217;s Acabado: Cubierta Floorgraphic Tiempo de entrega 2 d\u00edas h\u00e1biles. El costo publicado es por 100 pz<\/p>\n","protected":false},"featured_media":15762,"comment_status":"open","ping_status":"closed","template":"","meta":{"rs_blank_template":"","rs_page_bg_color":"","slide_template_v7":""},"product_brand":[],"product_cat":[87],"product_tag":[],"class_list":{"0":"post-15763","1":"product","2":"type-product","3":"status-publish","4":"has-post-thumbnail","6":"product_cat-rotulacion","8":"first","9":"instock","10":"shipping-taxable","11":"purchasable","12":"product-type-simple"},"_links":{"self":[{"href":"https:\/\/publitec.lat\/index.php\/wp-json\/wp\/v2\/product\/15763","targetHints":{"allow":["GET"]}}],"collection":[{"href":"https:\/\/publitec.lat\/index.php\/wp-json\/wp\/v2\/product"}],"about":[{"href":"https:\/\/publitec.lat\/index.php\/wp-json\/wp\/v2\/types\/product"}],"replies":[{"embeddable":true,"href":"https:\/\/publitec.lat\/index.php\/wp-json\/wp\/v2\/comments?post=15763"}],"wp:featuredmedia":[{"embeddable":true,"href":"https:\/\/publitec.lat\/index.php\/wp-json\/wp\/v2\/media\/15762"}],"wp:attachment":[{"href":"https:\/\/publitec.lat\/index.php\/wp-json\/wp\/v2\/media?parent=15763"}],"wp:term":[{"taxonomy":"product_brand","embeddable":true,"href":"https:\/\/publitec.lat\/index.php\/wp-json\/wp\/v2\/product_brand?post=15763"},{"taxonomy":"product_cat","embeddable":true,"href":"https:\/\/publitec.lat\/index.php\/wp-json\/wp\/v2\/product_cat?post=15763"},{"taxonomy":"product_tag","embeddable":true,"href":"https:\/\/publitec.lat\/index.php\/wp-json\/wp\/v2\/product_tag?post=15763"}],"curies":[{"name":"wp","href":"https:\/\/api.w.org\/{rel}","templated":true}]}}