{"id":15758,"date":"2026-04-30T22:59:27","date_gmt":"2026-04-30T22:59:27","guid":{"rendered":"https:\/\/publitec.lat\/index.php\/product\/floor-graphic-1200-dpis\/"},"modified":"2026-04-30T22:59:27","modified_gmt":"2026-04-30T22:59:27","slug":"floor-graphic-1200-dpis","status":"publish","type":"product","link":"https:\/\/publitec.lat\/index.php\/product\/floor-graphic-1200-dpis\/","title":{"rendered":"Floor Graphic (1200 dpi&#8217;s)"},"content":{"rendered":"<p>Sustrato: Floor Graphic<br \/>\nTinta Base: Solvente<br \/>\nResoluci\u00f3n: 1200 dpi&#8217;s<br \/>\nAcabados: Con Rebase<br \/>\nDuraci\u00f3n: 1 A\u00f1o Expuesto al Piso<br \/>\nIdeal para viniles que ir\u00e1n pegados a ras de piso.<br \/>\nEl costo publicado es por m\u00b2<\/p>\n","protected":false},"excerpt":{"rendered":"<p>Sustrato: Floor Graphic Tinta Base: Solvente Resoluci\u00f3n: 1200 dpi&#8217;s Acabados: Con Rebase Duraci\u00f3n: 1 A\u00f1o Expuesto al Piso Ideal para viniles que ir\u00e1n pegados a ras de piso. El costo publicado es por m\u00b2<\/p>\n","protected":false},"featured_media":15756,"comment_status":"open","ping_status":"closed","template":"","meta":{"rs_blank_template":"","rs_page_bg_color":"","slide_template_v7":""},"product_brand":[],"product_cat":[87],"product_tag":[],"class_list":{"0":"post-15758","1":"product","2":"type-product","3":"status-publish","4":"has-post-thumbnail","6":"product_cat-rotulacion","8":"first","9":"instock","10":"shipping-taxable","11":"purchasable","12":"product-type-simple"},"_links":{"self":[{"href":"https:\/\/publitec.lat\/index.php\/wp-json\/wp\/v2\/product\/15758","targetHints":{"allow":["GET"]}}],"collection":[{"href":"https:\/\/publitec.lat\/index.php\/wp-json\/wp\/v2\/product"}],"about":[{"href":"https:\/\/publitec.lat\/index.php\/wp-json\/wp\/v2\/types\/product"}],"replies":[{"embeddable":true,"href":"https:\/\/publitec.lat\/index.php\/wp-json\/wp\/v2\/comments?post=15758"}],"wp:featuredmedia":[{"embeddable":true,"href":"https:\/\/publitec.lat\/index.php\/wp-json\/wp\/v2\/media\/15756"}],"wp:attachment":[{"href":"https:\/\/publitec.lat\/index.php\/wp-json\/wp\/v2\/media?parent=15758"}],"wp:term":[{"taxonomy":"product_brand","embeddable":true,"href":"https:\/\/publitec.lat\/index.php\/wp-json\/wp\/v2\/product_brand?post=15758"},{"taxonomy":"product_cat","embeddable":true,"href":"https:\/\/publitec.lat\/index.php\/wp-json\/wp\/v2\/product_cat?post=15758"},{"taxonomy":"product_tag","embeddable":true,"href":"https:\/\/publitec.lat\/index.php\/wp-json\/wp\/v2\/product_tag?post=15758"}],"curies":[{"name":"wp","href":"https:\/\/api.w.org\/{rel}","templated":true}]}}