{"id":15755,"date":"2026-04-30T22:59:24","date_gmt":"2026-04-30T22:59:24","guid":{"rendered":"https:\/\/publitec.lat\/index.php\/product\/exhibidor-de-carton-corrugado\/"},"modified":"2026-04-30T22:59:24","modified_gmt":"2026-04-30T22:59:24","slug":"exhibidor-de-carton-corrugado","status":"publish","type":"product","link":"https:\/\/publitec.lat\/index.php\/product\/exhibidor-de-carton-corrugado\/","title":{"rendered":"Exhibidor de Cart\u00f3n Corrugado"},"content":{"rendered":"<p>Tipo: Exhibidor<br \/>\nSustrato: Cart\u00f3n Corrugado Doble<br \/>\nTipo de Impresi\u00f3n: Digital de Gran Formato (Cama Plana)<br \/>\nTinta Base: Solvente<br \/>\nResoluci\u00f3n: 1440 dpi\u2019s<br \/>\nAcabados: Corte en CNC<br \/>\nEscr\u00edbenos para una cotizaci\u00f3n personalizada.<\/p>\n","protected":false},"excerpt":{"rendered":"<p>Tipo: Exhibidor Sustrato: Cart\u00f3n Corrugado Doble Tipo de Impresi\u00f3n: Digital de Gran Formato (Cama Plana) Tinta Base: Solvente Resoluci\u00f3n: 1440 dpi\u2019s Acabados: Corte en CNC Escr\u00edbenos para una cotizaci\u00f3n personalizada.<\/p>\n","protected":false},"featured_media":15754,"comment_status":"open","ping_status":"closed","template":"","meta":{"rs_blank_template":"","rs_page_bg_color":"","slide_template_v7":""},"product_brand":[],"product_cat":[87],"product_tag":[],"class_list":{"0":"post-15755","1":"product","2":"type-product","3":"status-publish","4":"has-post-thumbnail","6":"product_cat-rotulacion","8":"first","9":"onbackorder","10":"shipping-taxable","11":"purchasable","12":"product-type-simple"},"_links":{"self":[{"href":"https:\/\/publitec.lat\/index.php\/wp-json\/wp\/v2\/product\/15755","targetHints":{"allow":["GET"]}}],"collection":[{"href":"https:\/\/publitec.lat\/index.php\/wp-json\/wp\/v2\/product"}],"about":[{"href":"https:\/\/publitec.lat\/index.php\/wp-json\/wp\/v2\/types\/product"}],"replies":[{"embeddable":true,"href":"https:\/\/publitec.lat\/index.php\/wp-json\/wp\/v2\/comments?post=15755"}],"wp:featuredmedia":[{"embeddable":true,"href":"https:\/\/publitec.lat\/index.php\/wp-json\/wp\/v2\/media\/15754"}],"wp:attachment":[{"href":"https:\/\/publitec.lat\/index.php\/wp-json\/wp\/v2\/media?parent=15755"}],"wp:term":[{"taxonomy":"product_brand","embeddable":true,"href":"https:\/\/publitec.lat\/index.php\/wp-json\/wp\/v2\/product_brand?post=15755"},{"taxonomy":"product_cat","embeddable":true,"href":"https:\/\/publitec.lat\/index.php\/wp-json\/wp\/v2\/product_cat?post=15755"},{"taxonomy":"product_tag","embeddable":true,"href":"https:\/\/publitec.lat\/index.php\/wp-json\/wp\/v2\/product_tag?post=15755"}],"curies":[{"name":"wp","href":"https:\/\/api.w.org\/{rel}","templated":true}]}}