{"id":15752,"date":"2026-04-30T22:59:23","date_gmt":"2026-04-30T22:59:23","guid":{"rendered":"https:\/\/publitec.lat\/index.php\/product\/cajas-de-luz\/"},"modified":"2026-04-30T22:59:23","modified_gmt":"2026-04-30T22:59:23","slug":"cajas-de-luz","status":"publish","type":"product","link":"https:\/\/publitec.lat\/index.php\/product\/cajas-de-luz\/","title":{"rendered":"Cajas de Luz"},"content":{"rendered":"<p>Creaci\u00f3n de cajas de luz con iluminaci\u00f3n led.<br \/>\nPonte en contacto con nosotros para una cotizaci\u00f3n personalizada.<\/p>\n","protected":false},"excerpt":{"rendered":"<p>Creaci\u00f3n de cajas de luz con iluminaci\u00f3n led. Ponte en contacto con nosotros para una cotizaci\u00f3n personalizada.<\/p>\n","protected":false},"featured_media":15750,"comment_status":"open","ping_status":"closed","template":"","meta":{"rs_blank_template":"","rs_page_bg_color":"","slide_template_v7":""},"product_brand":[],"product_cat":[87],"product_tag":[],"class_list":{"0":"post-15752","1":"product","2":"type-product","3":"status-publish","4":"has-post-thumbnail","6":"product_cat-rotulacion","8":"first","9":"instock","10":"shipping-taxable","11":"purchasable","12":"product-type-simple"},"_links":{"self":[{"href":"https:\/\/publitec.lat\/index.php\/wp-json\/wp\/v2\/product\/15752","targetHints":{"allow":["GET"]}}],"collection":[{"href":"https:\/\/publitec.lat\/index.php\/wp-json\/wp\/v2\/product"}],"about":[{"href":"https:\/\/publitec.lat\/index.php\/wp-json\/wp\/v2\/types\/product"}],"replies":[{"embeddable":true,"href":"https:\/\/publitec.lat\/index.php\/wp-json\/wp\/v2\/comments?post=15752"}],"wp:featuredmedia":[{"embeddable":true,"href":"https:\/\/publitec.lat\/index.php\/wp-json\/wp\/v2\/media\/15750"}],"wp:attachment":[{"href":"https:\/\/publitec.lat\/index.php\/wp-json\/wp\/v2\/media?parent=15752"}],"wp:term":[{"taxonomy":"product_brand","embeddable":true,"href":"https:\/\/publitec.lat\/index.php\/wp-json\/wp\/v2\/product_brand?post=15752"},{"taxonomy":"product_cat","embeddable":true,"href":"https:\/\/publitec.lat\/index.php\/wp-json\/wp\/v2\/product_cat?post=15752"},{"taxonomy":"product_tag","embeddable":true,"href":"https:\/\/publitec.lat\/index.php\/wp-json\/wp\/v2\/product_tag?post=15752"}],"curies":[{"name":"wp","href":"https:\/\/api.w.org\/{rel}","templated":true}]}}