{"id":15703,"date":"2026-04-30T22:48:54","date_gmt":"2026-04-30T22:48:54","guid":{"rendered":"https:\/\/publitec.lat\/index.php\/product\/publipop-de-2-00-x-1-00-m-tela-sublimada\/"},"modified":"2026-04-30T22:48:54","modified_gmt":"2026-04-30T22:48:54","slug":"publipop-de-2-00-x-1-00-m-tela-sublimada","status":"publish","type":"product","link":"https:\/\/publitec.lat\/index.php\/product\/publipop-de-2-00-x-1-00-m-tela-sublimada\/","title":{"rendered":"Publipop de 2.00 x 1.00 m (Tela Sublimada)"},"content":{"rendered":"<p>Publipop de 2.00 x 1.00 m (Tela Sublimada)<br \/>\nTipo: Publipop<br \/>\nMedida: 2.00 x 1.00 m<br \/>\nImpresi\u00f3n: Sublimaci\u00f3n Gran Formato<br \/>\nTela: Gasa, Flag o Calado<br \/>\nResoluci\u00f3n: 1200 dpi&#8217;s<br \/>\nIncluye: Estructura de aluminio y maleta transportadora<\/p>\n","protected":false},"excerpt":{"rendered":"<p>Publipop de 2.00 x 1.00 m (Tela Sublimada) Tipo: Publipop Medida: 2.00 x 1.00 m Impresi\u00f3n: Sublimaci\u00f3n Gran Formato Tela: Gasa, Flag o Calado Resoluci\u00f3n: 1200 dpi&#8217;s Incluye: Estructura de aluminio y maleta transportadora<\/p>\n","protected":false},"featured_media":15702,"comment_status":"open","ping_status":"closed","template":"","meta":{"rs_blank_template":"","rs_page_bg_color":"","slide_template_v7":""},"product_brand":[],"product_cat":[91],"product_tag":[],"class_list":{"0":"post-15703","1":"product","2":"type-product","3":"status-publish","4":"has-post-thumbnail","6":"product_cat-banderas","8":"first","9":"instock","10":"shipping-taxable","11":"purchasable","12":"product-type-simple"},"_links":{"self":[{"href":"https:\/\/publitec.lat\/index.php\/wp-json\/wp\/v2\/product\/15703","targetHints":{"allow":["GET"]}}],"collection":[{"href":"https:\/\/publitec.lat\/index.php\/wp-json\/wp\/v2\/product"}],"about":[{"href":"https:\/\/publitec.lat\/index.php\/wp-json\/wp\/v2\/types\/product"}],"replies":[{"embeddable":true,"href":"https:\/\/publitec.lat\/index.php\/wp-json\/wp\/v2\/comments?post=15703"}],"wp:featuredmedia":[{"embeddable":true,"href":"https:\/\/publitec.lat\/index.php\/wp-json\/wp\/v2\/media\/15702"}],"wp:attachment":[{"href":"https:\/\/publitec.lat\/index.php\/wp-json\/wp\/v2\/media?parent=15703"}],"wp:term":[{"taxonomy":"product_brand","embeddable":true,"href":"https:\/\/publitec.lat\/index.php\/wp-json\/wp\/v2\/product_brand?post=15703"},{"taxonomy":"product_cat","embeddable":true,"href":"https:\/\/publitec.lat\/index.php\/wp-json\/wp\/v2\/product_cat?post=15703"},{"taxonomy":"product_tag","embeddable":true,"href":"https:\/\/publitec.lat\/index.php\/wp-json\/wp\/v2\/product_tag?post=15703"}],"curies":[{"name":"wp","href":"https:\/\/api.w.org\/{rel}","templated":true}]}}