{"id":15694,"date":"2026-04-30T22:48:48","date_gmt":"2026-04-30T22:48:48","guid":{"rendered":"https:\/\/publitec.lat\/index.php\/product\/muro-curvo-plegable-magnetico-de-3-40-x-2-20-m\/"},"modified":"2026-04-30T22:48:59","modified_gmt":"2026-04-30T22:48:59","slug":"muro-curvo-plegable-magnetico-de-3-40-x-2-20-m","status":"publish","type":"product","link":"https:\/\/publitec.lat\/index.php\/product\/muro-curvo-plegable-magnetico-de-3-40-x-2-20-m\/","title":{"rendered":"Muro Curvo Plegable Magn\u00e9tico de 3.40 x 2.20 m"},"content":{"rendered":"<p>Muro Curvo Plegable Magn\u00e9tico de 3.40 x 2.20 m<br \/>\nTipo: Muro Curvo Plegable Magn\u00e9tico<br \/>\nMedida: 3.40 x 2.20 m<br \/>\nM\u00f3dulos: 4 x 3<br \/>\nImpresi\u00f3n: Vinil Laminado a 1200 dpi&#8217;s<br \/>\nPaneles: 6 de Estireno Cal. 20<br \/>\nResoluci\u00f3n: 1200 dpi&#8217;s<br \/>\nVarillas: 21 de Acero y PVC<br \/>\nBases: 2<br \/>\nIncluye: Matela tipo viajera con ruedas y cinta magn\u00e9tica<\/p>\n","protected":false},"excerpt":{"rendered":"<p>Muro Curvo Plegable Magn\u00e9tico de 3.40 x 2.20 m Tipo: Muro Curvo Plegable Magn\u00e9tico Medida: 3.40 x 2.20 m M\u00f3dulos: 4 x 3 Impresi\u00f3n: Vinil Laminado a 1200 dpi&#8217;s Paneles: 6 de Estireno Cal. 20 Resoluci\u00f3n: 1200 dpi&#8217;s Varillas: 21 de Acero y PVC Bases: 2 Incluye: Matela tipo viajera con ruedas y cinta magn\u00e9tica<\/p>\n","protected":false},"featured_media":15692,"comment_status":"open","ping_status":"closed","template":"","meta":{"rs_blank_template":"","rs_page_bg_color":"","slide_template_v7":""},"product_brand":[],"product_cat":[91],"product_tag":[],"class_list":{"0":"post-15694","1":"product","2":"type-product","3":"status-publish","4":"has-post-thumbnail","6":"product_cat-banderas","8":"first","9":"instock","10":"shipping-taxable","11":"purchasable","12":"product-type-simple"},"_links":{"self":[{"href":"https:\/\/publitec.lat\/index.php\/wp-json\/wp\/v2\/product\/15694","targetHints":{"allow":["GET"]}}],"collection":[{"href":"https:\/\/publitec.lat\/index.php\/wp-json\/wp\/v2\/product"}],"about":[{"href":"https:\/\/publitec.lat\/index.php\/wp-json\/wp\/v2\/types\/product"}],"replies":[{"embeddable":true,"href":"https:\/\/publitec.lat\/index.php\/wp-json\/wp\/v2\/comments?post=15694"}],"wp:featuredmedia":[{"embeddable":true,"href":"https:\/\/publitec.lat\/index.php\/wp-json\/wp\/v2\/media\/15692"}],"wp:attachment":[{"href":"https:\/\/publitec.lat\/index.php\/wp-json\/wp\/v2\/media?parent=15694"}],"wp:term":[{"taxonomy":"product_brand","embeddable":true,"href":"https:\/\/publitec.lat\/index.php\/wp-json\/wp\/v2\/product_brand?post=15694"},{"taxonomy":"product_cat","embeddable":true,"href":"https:\/\/publitec.lat\/index.php\/wp-json\/wp\/v2\/product_cat?post=15694"},{"taxonomy":"product_tag","embeddable":true,"href":"https:\/\/publitec.lat\/index.php\/wp-json\/wp\/v2\/product_tag?post=15694"}],"curies":[{"name":"wp","href":"https:\/\/api.w.org\/{rel}","templated":true}]}}