{"id":15633,"date":"2026-04-30T19:24:25","date_gmt":"2026-04-30T19:24:25","guid":{"rendered":"https:\/\/publitec.lat\/index.php\/product\/inflables-publicitarios\/"},"modified":"2026-04-30T19:27:01","modified_gmt":"2026-04-30T19:27:01","slug":"inflables-publicitarios","status":"publish","type":"product","link":"https:\/\/publitec.lat\/index.php\/product\/inflables-publicitarios\/","title":{"rendered":"Inflables Publicitarios"},"content":{"rendered":"<p>Inflables para activaci\u00f3n de marca.<br \/>\nEl costo publicado s\u00f3lo es de referencia.<br \/>\nCont\u00e1ctanos para una cotizaci\u00f3n personalizada.<\/p>\n","protected":false},"excerpt":{"rendered":"<p>Inflables para activaci\u00f3n de marca. El costo publicado s\u00f3lo es de referencia. Cont\u00e1ctanos para una cotizaci\u00f3n personalizada.<\/p>\n","protected":false},"featured_media":15631,"comment_status":"open","ping_status":"closed","template":"","meta":{"rs_blank_template":"","rs_page_bg_color":"","slide_template_v7":""},"product_brand":[],"product_cat":[15],"product_tag":[],"class_list":{"0":"post-15633","1":"product","2":"type-product","3":"status-publish","4":"has-post-thumbnail","6":"product_cat-sublimacion","8":"first","9":"instock","10":"shipping-taxable","11":"purchasable","12":"product-type-simple"},"_links":{"self":[{"href":"https:\/\/publitec.lat\/index.php\/wp-json\/wp\/v2\/product\/15633","targetHints":{"allow":["GET"]}}],"collection":[{"href":"https:\/\/publitec.lat\/index.php\/wp-json\/wp\/v2\/product"}],"about":[{"href":"https:\/\/publitec.lat\/index.php\/wp-json\/wp\/v2\/types\/product"}],"replies":[{"embeddable":true,"href":"https:\/\/publitec.lat\/index.php\/wp-json\/wp\/v2\/comments?post=15633"}],"wp:featuredmedia":[{"embeddable":true,"href":"https:\/\/publitec.lat\/index.php\/wp-json\/wp\/v2\/media\/15631"}],"wp:attachment":[{"href":"https:\/\/publitec.lat\/index.php\/wp-json\/wp\/v2\/media?parent=15633"}],"wp:term":[{"taxonomy":"product_brand","embeddable":true,"href":"https:\/\/publitec.lat\/index.php\/wp-json\/wp\/v2\/product_brand?post=15633"},{"taxonomy":"product_cat","embeddable":true,"href":"https:\/\/publitec.lat\/index.php\/wp-json\/wp\/v2\/product_cat?post=15633"},{"taxonomy":"product_tag","embeddable":true,"href":"https:\/\/publitec.lat\/index.php\/wp-json\/wp\/v2\/product_tag?post=15633"}],"curies":[{"name":"wp","href":"https:\/\/api.w.org\/{rel}","templated":true}]}}