{"id":15609,"date":"2026-04-30T19:24:14","date_gmt":"2026-04-30T19:24:14","guid":{"rendered":"https:\/\/publitec.lat\/index.php\/product\/bandera-tipo-gota-de-3m-de-alto-sencilla\/"},"modified":"2026-04-30T19:26:48","modified_gmt":"2026-04-30T19:26:48","slug":"bandera-tipo-gota-de-3m-de-alto-sencilla","status":"publish","type":"product","link":"https:\/\/publitec.lat\/index.php\/product\/bandera-tipo-gota-de-3m-de-alto-sencilla\/","title":{"rendered":"Bandera Tipo Gota de 3m de alto Sencilla"},"content":{"rendered":"<p>Bandera Tipo Gota Sencilla de 3.00 m de Alto<br \/>\nTipo: Bandera Gota<br \/>\nMedida: Ancho de 70 cm x 3.00 m de alto<br \/>\nGr\u00e1fico: Ancho de 70 cm x 2.30 m de alto<br \/>\nImpresi\u00f3n: Sublimaci\u00f3n Gran Formato<br \/>\nSustrato: * Tela (a elegir)<br \/>\nResoluci\u00f3n: 1200 dpi&#8217;s<br \/>\nVista: Sencilla<br \/>\nIncluye: Estructura de metal de tipo cruceta con perforaciones para clavarse con alcayatas (no incluidas).<br \/>\n* Tela: Sarga, Tafetan, N\u00e1poles, Silver, Razo, Polisatin, Gasa, Microfibra, Licra, Flag, Calado, Deportiva, Lonatex, Polar y Tibur\u00f3n.<br \/>\n\u00a0<\/p>\n","protected":false},"excerpt":{"rendered":"<p>Bandera Tipo Gota Sencilla de 3.00 m de Alto Tipo: Bandera Gota Medida: Ancho de 70 cm x 3.00 m de alto Gr\u00e1fico: Ancho de 70 cm x 2.30 m de alto Impresi\u00f3n: Sublimaci\u00f3n Gran Formato Sustrato: * Tela (a elegir) Resoluci\u00f3n: 1200 dpi&#8217;s Vista: Sencilla Incluye: Estructura de metal de tipo cruceta con perforaciones [&hellip;]<\/p>\n","protected":false},"featured_media":15608,"comment_status":"open","ping_status":"closed","template":"","meta":{"rs_blank_template":"","rs_page_bg_color":"","slide_template_v7":""},"product_brand":[],"product_cat":[15],"product_tag":[],"class_list":{"0":"post-15609","1":"product","2":"type-product","3":"status-publish","4":"has-post-thumbnail","6":"product_cat-sublimacion","8":"first","9":"instock","10":"shipping-taxable","11":"purchasable","12":"product-type-simple"},"_links":{"self":[{"href":"https:\/\/publitec.lat\/index.php\/wp-json\/wp\/v2\/product\/15609","targetHints":{"allow":["GET"]}}],"collection":[{"href":"https:\/\/publitec.lat\/index.php\/wp-json\/wp\/v2\/product"}],"about":[{"href":"https:\/\/publitec.lat\/index.php\/wp-json\/wp\/v2\/types\/product"}],"replies":[{"embeddable":true,"href":"https:\/\/publitec.lat\/index.php\/wp-json\/wp\/v2\/comments?post=15609"}],"wp:featuredmedia":[{"embeddable":true,"href":"https:\/\/publitec.lat\/index.php\/wp-json\/wp\/v2\/media\/15608"}],"wp:attachment":[{"href":"https:\/\/publitec.lat\/index.php\/wp-json\/wp\/v2\/media?parent=15609"}],"wp:term":[{"taxonomy":"product_brand","embeddable":true,"href":"https:\/\/publitec.lat\/index.php\/wp-json\/wp\/v2\/product_brand?post=15609"},{"taxonomy":"product_cat","embeddable":true,"href":"https:\/\/publitec.lat\/index.php\/wp-json\/wp\/v2\/product_cat?post=15609"},{"taxonomy":"product_tag","embeddable":true,"href":"https:\/\/publitec.lat\/index.php\/wp-json\/wp\/v2\/product_tag?post=15609"}],"curies":[{"name":"wp","href":"https:\/\/api.w.org\/{rel}","templated":true}]}}