{"id":15551,"date":"2026-04-30T19:07:39","date_gmt":"2026-04-30T19:07:39","guid":{"rendered":"https:\/\/publitec.lat\/index.php\/product\/portagafete-broche-3-4%e2%80%b3\/"},"modified":"2026-04-30T19:08:12","modified_gmt":"2026-04-30T19:08:12","slug":"portagafete-broche-3-4%e2%80%b3","status":"publish","type":"product","link":"https:\/\/publitec.lat\/index.php\/product\/portagafete-broche-3-4%e2%80%b3\/","title":{"rendered":"Portagafete Broche 3\/4\u2033"},"content":{"rendered":"<h2>Descripci\u00f3n<\/h2>\n<p>MEJORAMOS PRECIO EN MAYOREO<\/p>\n<p>Portagafete Sublimado de 3\/4\u2033<\/p>\n<p>Broche plastico, Bandola giratoria Metalica<\/p>\n<p>Cinta de Algodon \/ Poliester \/ Impresion a todo color<\/p>\n<p>DISE\u00d1O GRATIS desde 5 Piezas<\/p>\n<p>Envi\u00f3 a toda la Rep\u00fablica Mexicana<\/p>\n","protected":false},"excerpt":{"rendered":"<p>Descripci\u00f3n MEJORAMOS PRECIO EN MAYOREO Portagafete Sublimado de 3\/4\u2033 Broche plastico, Bandola giratoria Metalica Cinta de Algodon \/ Poliester \/ Impresion a todo color DISE\u00d1O GRATIS desde 5 Piezas Envi\u00f3 a toda la Rep\u00fablica Mexicana<\/p>\n","protected":false},"featured_media":15550,"comment_status":"open","ping_status":"closed","template":"","meta":{"rs_blank_template":"","rs_page_bg_color":"","slide_template_v7":""},"product_brand":[],"product_cat":[88],"product_tag":[],"class_list":{"0":"post-15551","1":"product","2":"type-product","3":"status-publish","4":"has-post-thumbnail","6":"product_cat-inicio","8":"first","9":"instock","10":"shipping-taxable","11":"purchasable","12":"product-type-simple"},"_links":{"self":[{"href":"https:\/\/publitec.lat\/index.php\/wp-json\/wp\/v2\/product\/15551","targetHints":{"allow":["GET"]}}],"collection":[{"href":"https:\/\/publitec.lat\/index.php\/wp-json\/wp\/v2\/product"}],"about":[{"href":"https:\/\/publitec.lat\/index.php\/wp-json\/wp\/v2\/types\/product"}],"replies":[{"embeddable":true,"href":"https:\/\/publitec.lat\/index.php\/wp-json\/wp\/v2\/comments?post=15551"}],"wp:featuredmedia":[{"embeddable":true,"href":"https:\/\/publitec.lat\/index.php\/wp-json\/wp\/v2\/media\/15550"}],"wp:attachment":[{"href":"https:\/\/publitec.lat\/index.php\/wp-json\/wp\/v2\/media?parent=15551"}],"wp:term":[{"taxonomy":"product_brand","embeddable":true,"href":"https:\/\/publitec.lat\/index.php\/wp-json\/wp\/v2\/product_brand?post=15551"},{"taxonomy":"product_cat","embeddable":true,"href":"https:\/\/publitec.lat\/index.php\/wp-json\/wp\/v2\/product_cat?post=15551"},{"taxonomy":"product_tag","embeddable":true,"href":"https:\/\/publitec.lat\/index.php\/wp-json\/wp\/v2\/product_tag?post=15551"}],"curies":[{"name":"wp","href":"https:\/\/api.w.org\/{rel}","templated":true}]}}