{"id":15549,"date":"2026-04-30T19:07:37","date_gmt":"2026-04-30T19:07:37","guid":{"rendered":"https:\/\/publitec.lat\/index.php\/product\/cubrebocas-personalizado\/"},"modified":"2026-04-30T19:08:11","modified_gmt":"2026-04-30T19:08:11","slug":"cubrebocas-personalizado","status":"publish","type":"product","link":"https:\/\/publitec.lat\/index.php\/product\/cubrebocas-personalizado\/","title":{"rendered":"CUBREBOCAS PERSONALIZADO"},"content":{"rendered":"<p>CUBREBOCAS elaborados en M\u00e9xico, Materias y Maquila Nacional con todas las medidas de higiene<br \/>\ny sanitizados durante el proceso y para su entrega, CON INTERIOR REPELENTE 100% POLIPROPILENO<br \/>\nDOBLE CAPA lo cual permite una mayor protecci\u00f3n \/ CINTAS EL\u00c1STICAS NEGRAS PARA OREJA a la medida estandar, por lo cual evitan que terminen da\u00f1\u00e1ndote despu\u00e9s del tiempo de uso<br \/>\nIMPRESI\u00d3N A TODO COLOR, Dise\u00f1os personalizados segun tus gustos con los colores y la distribucion que solicites \/ MEDIDA DE 24X 14 CM lo cual permite que cumplan su funcion sin estorbar en tus actividades<br \/>\nPRECIO ESPECIAL A MAYORISTAS TAMBI\u00c9N CONTAMOS CON DESCUENTOS PARA EL SECTOR SALUD DEL 20%<br \/>\nEL DESCUENTO GENERAL YA ESTA APLICADO DE 10%*<br \/>\n\u00a0<\/p>\n","protected":false},"excerpt":{"rendered":"<p>CUBREBOCAS elaborados en M\u00e9xico, Materias y Maquila Nacional con todas las medidas de higiene y sanitizados durante el proceso y para su entrega, CON INTERIOR REPELENTE 100% POLIPROPILENO DOBLE CAPA lo cual permite una mayor protecci\u00f3n \/ CINTAS EL\u00c1STICAS NEGRAS PARA OREJA a la medida estandar, por lo cual evitan que terminen da\u00f1\u00e1ndote despu\u00e9s del [&hellip;]<\/p>\n","protected":false},"featured_media":15548,"comment_status":"open","ping_status":"closed","template":"","meta":{"rs_blank_template":"","rs_page_bg_color":"","slide_template_v7":""},"product_brand":[],"product_cat":[88],"product_tag":[],"class_list":{"0":"post-15549","1":"product","2":"type-product","3":"status-publish","4":"has-post-thumbnail","6":"product_cat-inicio","8":"first","9":"instock","10":"sale","11":"shipping-taxable","12":"purchasable","13":"product-type-simple"},"_links":{"self":[{"href":"https:\/\/publitec.lat\/index.php\/wp-json\/wp\/v2\/product\/15549","targetHints":{"allow":["GET"]}}],"collection":[{"href":"https:\/\/publitec.lat\/index.php\/wp-json\/wp\/v2\/product"}],"about":[{"href":"https:\/\/publitec.lat\/index.php\/wp-json\/wp\/v2\/types\/product"}],"replies":[{"embeddable":true,"href":"https:\/\/publitec.lat\/index.php\/wp-json\/wp\/v2\/comments?post=15549"}],"wp:featuredmedia":[{"embeddable":true,"href":"https:\/\/publitec.lat\/index.php\/wp-json\/wp\/v2\/media\/15548"}],"wp:attachment":[{"href":"https:\/\/publitec.lat\/index.php\/wp-json\/wp\/v2\/media?parent=15549"}],"wp:term":[{"taxonomy":"product_brand","embeddable":true,"href":"https:\/\/publitec.lat\/index.php\/wp-json\/wp\/v2\/product_brand?post=15549"},{"taxonomy":"product_cat","embeddable":true,"href":"https:\/\/publitec.lat\/index.php\/wp-json\/wp\/v2\/product_cat?post=15549"},{"taxonomy":"product_tag","embeddable":true,"href":"https:\/\/publitec.lat\/index.php\/wp-json\/wp\/v2\/product_tag?post=15549"}],"curies":[{"name":"wp","href":"https:\/\/api.w.org\/{rel}","templated":true}]}}