{"id":15547,"date":"2026-04-30T19:07:36","date_gmt":"2026-04-30T19:07:36","guid":{"rendered":"https:\/\/publitec.lat\/index.php\/product\/portagafete-1-con-broche\/"},"modified":"2026-04-30T19:08:10","modified_gmt":"2026-04-30T19:08:10","slug":"portagafete-1-con-broche","status":"publish","type":"product","link":"https:\/\/publitec.lat\/index.php\/product\/portagafete-1-con-broche\/","title":{"rendered":"Portagafete 1&#8243; con Broche"},"content":{"rendered":"<p>Portagafete Sublimado de 1&#8243;<br \/>\nBroche plastico, Bandola giratoria Metalica<br \/>\nCinta de Algodon \/ Poliester \/ Impresion a todo color<br \/>\nDISE\u00d1O GRATIS desde 5 Piezas<br \/>\nEnvi\u00f3 a toda la Rep\u00fablica Mexicana<\/p>\n","protected":false},"excerpt":{"rendered":"<p>Portagafete Sublimado de 1&#8243; Broche plastico, Bandola giratoria Metalica Cinta de Algodon \/ Poliester \/ Impresion a todo color DISE\u00d1O GRATIS desde 5 Piezas Envi\u00f3 a toda la Rep\u00fablica Mexicana<\/p>\n","protected":false},"featured_media":15546,"comment_status":"open","ping_status":"closed","template":"","meta":{"rs_blank_template":"","rs_page_bg_color":"","slide_template_v7":""},"product_brand":[],"product_cat":[88],"product_tag":[],"class_list":{"0":"post-15547","1":"product","2":"type-product","3":"status-publish","4":"has-post-thumbnail","6":"product_cat-inicio","8":"first","9":"instock","10":"sale","11":"shipping-taxable","12":"purchasable","13":"product-type-simple"},"_links":{"self":[{"href":"https:\/\/publitec.lat\/index.php\/wp-json\/wp\/v2\/product\/15547","targetHints":{"allow":["GET"]}}],"collection":[{"href":"https:\/\/publitec.lat\/index.php\/wp-json\/wp\/v2\/product"}],"about":[{"href":"https:\/\/publitec.lat\/index.php\/wp-json\/wp\/v2\/types\/product"}],"replies":[{"embeddable":true,"href":"https:\/\/publitec.lat\/index.php\/wp-json\/wp\/v2\/comments?post=15547"}],"wp:featuredmedia":[{"embeddable":true,"href":"https:\/\/publitec.lat\/index.php\/wp-json\/wp\/v2\/media\/15546"}],"wp:attachment":[{"href":"https:\/\/publitec.lat\/index.php\/wp-json\/wp\/v2\/media?parent=15547"}],"wp:term":[{"taxonomy":"product_brand","embeddable":true,"href":"https:\/\/publitec.lat\/index.php\/wp-json\/wp\/v2\/product_brand?post=15547"},{"taxonomy":"product_cat","embeddable":true,"href":"https:\/\/publitec.lat\/index.php\/wp-json\/wp\/v2\/product_cat?post=15547"},{"taxonomy":"product_tag","embeddable":true,"href":"https:\/\/publitec.lat\/index.php\/wp-json\/wp\/v2\/product_tag?post=15547"}],"curies":[{"name":"wp","href":"https:\/\/api.w.org\/{rel}","templated":true}]}}