{"id":15520,"date":"2026-04-30T02:34:31","date_gmt":"2026-04-30T02:34:31","guid":{"rendered":"https:\/\/publitec.lat\/index.php\/product\/tablon-de-fotos-12-meses-2\/"},"modified":"2026-04-30T02:38:25","modified_gmt":"2026-04-30T02:38:25","slug":"tablon-de-fotos-12-meses-2","status":"publish","type":"product","link":"https:\/\/publitec.lat\/index.php\/product\/tablon-de-fotos-12-meses-2\/","title":{"rendered":"Tabl\u00f3n de fotos 12 Meses"},"content":{"rendered":"<p>Tabl\u00f3n de fotos 12 Meses con dise\u00f1o personalizable. Ideal para registrar momentos especiales. \u00a1Consulta tu tem\u00e1tica y compra hoy!<\/p>\n","protected":false},"excerpt":{"rendered":"<p>Tabl\u00f3n de fotos 12 Meses con dise\u00f1o personalizable. Ideal para registrar momentos especiales. \u00a1Consulta tu tem\u00e1tica y compra hoy!<\/p>\n","protected":false},"featured_media":15518,"comment_status":"open","ping_status":"closed","template":"","meta":{"rs_blank_template":"","rs_page_bg_color":"","slide_template_v7":""},"product_brand":[],"product_cat":[81],"product_tag":[],"class_list":{"0":"post-15520","1":"product","2":"type-product","3":"status-publish","4":"has-post-thumbnail","6":"product_cat-laser","8":"first","9":"instock","10":"shipping-taxable","11":"purchasable","12":"product-type-simple"},"_links":{"self":[{"href":"https:\/\/publitec.lat\/index.php\/wp-json\/wp\/v2\/product\/15520","targetHints":{"allow":["GET"]}}],"collection":[{"href":"https:\/\/publitec.lat\/index.php\/wp-json\/wp\/v2\/product"}],"about":[{"href":"https:\/\/publitec.lat\/index.php\/wp-json\/wp\/v2\/types\/product"}],"replies":[{"embeddable":true,"href":"https:\/\/publitec.lat\/index.php\/wp-json\/wp\/v2\/comments?post=15520"}],"wp:featuredmedia":[{"embeddable":true,"href":"https:\/\/publitec.lat\/index.php\/wp-json\/wp\/v2\/media\/15518"}],"wp:attachment":[{"href":"https:\/\/publitec.lat\/index.php\/wp-json\/wp\/v2\/media?parent=15520"}],"wp:term":[{"taxonomy":"product_brand","embeddable":true,"href":"https:\/\/publitec.lat\/index.php\/wp-json\/wp\/v2\/product_brand?post=15520"},{"taxonomy":"product_cat","embeddable":true,"href":"https:\/\/publitec.lat\/index.php\/wp-json\/wp\/v2\/product_cat?post=15520"},{"taxonomy":"product_tag","embeddable":true,"href":"https:\/\/publitec.lat\/index.php\/wp-json\/wp\/v2\/product_tag?post=15520"}],"curies":[{"name":"wp","href":"https:\/\/api.w.org\/{rel}","templated":true}]}}