{"id":15498,"date":"2026-04-30T01:53:40","date_gmt":"2026-04-30T01:53:40","guid":{"rendered":"https:\/\/publitec.lat\/index.php\/product\/centro-de-mesa-tematico-personalizado-mod-1\/"},"modified":"2026-04-30T01:53:40","modified_gmt":"2026-04-30T01:53:40","slug":"centro-de-mesa-tematico-personalizado-mod-1","status":"publish","type":"product","link":"https:\/\/publitec.lat\/index.php\/product\/centro-de-mesa-tematico-personalizado-mod-1\/","title":{"rendered":"Centro de mesa &#8211; Tem\u00e1tico Personalizado Mod. 1"},"content":{"rendered":"<p>Centro de mesa personalizado, edad, nombre y tem\u00e1tica. Ideal para eventos y cumplea\u00f1os. Eleg\u00ed la tem\u00e1tica que quieras!<\/p>\n","protected":false},"excerpt":{"rendered":"<p>Centro de mesa personalizado, edad, nombre y tem\u00e1tica. Ideal para eventos y cumplea\u00f1os. Eleg\u00ed la tem\u00e1tica que quieras!<\/p>\n","protected":false},"featured_media":15496,"comment_status":"open","ping_status":"closed","template":"","meta":{"rs_blank_template":"","rs_page_bg_color":"","slide_template_v7":""},"product_brand":[],"product_cat":[81],"product_tag":[],"class_list":{"0":"post-15498","1":"product","2":"type-product","3":"status-publish","4":"has-post-thumbnail","6":"product_cat-laser","8":"first","9":"instock","10":"shipping-taxable","11":"purchasable","12":"product-type-simple"},"_links":{"self":[{"href":"https:\/\/publitec.lat\/index.php\/wp-json\/wp\/v2\/product\/15498","targetHints":{"allow":["GET"]}}],"collection":[{"href":"https:\/\/publitec.lat\/index.php\/wp-json\/wp\/v2\/product"}],"about":[{"href":"https:\/\/publitec.lat\/index.php\/wp-json\/wp\/v2\/types\/product"}],"replies":[{"embeddable":true,"href":"https:\/\/publitec.lat\/index.php\/wp-json\/wp\/v2\/comments?post=15498"}],"wp:featuredmedia":[{"embeddable":true,"href":"https:\/\/publitec.lat\/index.php\/wp-json\/wp\/v2\/media\/15496"}],"wp:attachment":[{"href":"https:\/\/publitec.lat\/index.php\/wp-json\/wp\/v2\/media?parent=15498"}],"wp:term":[{"taxonomy":"product_brand","embeddable":true,"href":"https:\/\/publitec.lat\/index.php\/wp-json\/wp\/v2\/product_brand?post=15498"},{"taxonomy":"product_cat","embeddable":true,"href":"https:\/\/publitec.lat\/index.php\/wp-json\/wp\/v2\/product_cat?post=15498"},{"taxonomy":"product_tag","embeddable":true,"href":"https:\/\/publitec.lat\/index.php\/wp-json\/wp\/v2\/product_tag?post=15498"}],"curies":[{"name":"wp","href":"https:\/\/api.w.org\/{rel}","templated":true}]}}