{"id":15286,"date":"2026-04-29T18:56:33","date_gmt":"2026-04-29T18:56:33","guid":{"rendered":"https:\/\/publitec.lat\/index.php\/product\/impresion-y-personalizacion-de-playeras\/"},"modified":"2026-04-29T18:56:33","modified_gmt":"2026-04-29T18:56:33","slug":"impresion-y-personalizacion-de-playeras","status":"publish","type":"product","link":"https:\/\/publitec.lat\/index.php\/product\/impresion-y-personalizacion-de-playeras\/","title":{"rendered":"Impresi\u00f3n y Personalizaci\u00f3n de Playeras"},"content":{"rendered":"<p>En Surprint Cancun ofrecemos una amplia gama de servicios de impresi\u00f3n digital. Desde DTF textil hasta la personalizaci\u00f3n de playeras, grabado l\u00e1ser en termos y sellos personalizados. Tambi\u00e9n creamos tarjetas de presentaci\u00f3n, flyers y notas de venta para satisfacer todas tus necesidades. Calidad y rapidez garantizadas en cada producto. \u00a1Descubre c\u00f3mo podemos ayudarte a destacar tu marca!<\/p>\n","protected":false},"excerpt":{"rendered":"<p>En Surprint Cancun ofrecemos una amplia gama de servicios de impresi\u00f3n digital. Desde DTF textil hasta la personalizaci\u00f3n de playeras, grabado l\u00e1ser en termos y sellos personalizados. Tambi\u00e9n creamos tarjetas de presentaci\u00f3n, flyers y notas de venta para satisfacer todas tus necesidades. Calidad y rapidez garantizadas en cada producto. \u00a1Descubre c\u00f3mo podemos ayudarte a destacar [&hellip;]<\/p>\n","protected":false},"featured_media":15285,"comment_status":"open","ping_status":"closed","template":"","meta":{"rs_blank_template":"","rs_page_bg_color":"","slide_template_v7":""},"product_brand":[],"product_cat":[42],"product_tag":[],"class_list":{"0":"post-15286","1":"product","2":"type-product","3":"status-publish","4":"has-post-thumbnail","6":"product_cat-t-shirts","8":"first","9":"instock","10":"shipping-taxable","11":"product-type-external"},"_links":{"self":[{"href":"https:\/\/publitec.lat\/index.php\/wp-json\/wp\/v2\/product\/15286","targetHints":{"allow":["GET"]}}],"collection":[{"href":"https:\/\/publitec.lat\/index.php\/wp-json\/wp\/v2\/product"}],"about":[{"href":"https:\/\/publitec.lat\/index.php\/wp-json\/wp\/v2\/types\/product"}],"replies":[{"embeddable":true,"href":"https:\/\/publitec.lat\/index.php\/wp-json\/wp\/v2\/comments?post=15286"}],"wp:featuredmedia":[{"embeddable":true,"href":"https:\/\/publitec.lat\/index.php\/wp-json\/wp\/v2\/media\/15285"}],"wp:attachment":[{"href":"https:\/\/publitec.lat\/index.php\/wp-json\/wp\/v2\/media?parent=15286"}],"wp:term":[{"taxonomy":"product_brand","embeddable":true,"href":"https:\/\/publitec.lat\/index.php\/wp-json\/wp\/v2\/product_brand?post=15286"},{"taxonomy":"product_cat","embeddable":true,"href":"https:\/\/publitec.lat\/index.php\/wp-json\/wp\/v2\/product_cat?post=15286"},{"taxonomy":"product_tag","embeddable":true,"href":"https:\/\/publitec.lat\/index.php\/wp-json\/wp\/v2\/product_tag?post=15286"}],"curies":[{"name":"wp","href":"https:\/\/api.w.org\/{rel}","templated":true}]}}