{"id":15270,"date":"2026-04-29T17:22:28","date_gmt":"2026-04-29T17:22:28","guid":{"rendered":"https:\/\/publitec.lat\/index.php\/product\/panoleta-blanca-sublimable-para-mascota\/"},"modified":"2026-04-29T17:22:28","modified_gmt":"2026-04-29T17:22:28","slug":"panoleta-blanca-sublimable-para-mascota","status":"publish","type":"product","link":"https:\/\/publitec.lat\/index.php\/product\/panoleta-blanca-sublimable-para-mascota\/","title":{"rendered":"Pa\u00f1oleta Blanca Sublimable para Mascota"},"content":{"rendered":"<p>Pa\u00f1oleta Blanca Sublimable para Mascota,pa\u00f1oleta para mascotas,accesorio para mascotas,pa\u00f1oletas para perros,ropa para mascotas,paliacate Para Perro ,pa\u00f1uelo para perros personalizadas,pa\u00f1oletas para perros grandes,pa\u00f1uelo para perros,ropa para perros,pa\u00f1oleta sin mangas,pa\u00f1oleta para perro personalizada,Ropa para perro y gato,Ropa y Accesorios,pa\u00f1oleta de mascota con estampado,paliacate para mascotas,Ropa pa\u00f1uelo,<\/p>\n","protected":false},"excerpt":{"rendered":"<p>Pa\u00f1oleta Blanca Sublimable para Mascota,pa\u00f1oleta para mascotas,accesorio para mascotas,pa\u00f1oletas para perros,ropa para mascotas,paliacate Para Perro ,pa\u00f1uelo para perros personalizadas,pa\u00f1oletas para perros grandes,pa\u00f1uelo para perros,ropa para perros,pa\u00f1oleta sin mangas,pa\u00f1oleta para perro personalizada,Ropa para perro y gato,Ropa y Accesorios,pa\u00f1oleta de mascota con estampado,paliacate para mascotas,Ropa pa\u00f1uelo,<\/p>\n","protected":false},"featured_media":15269,"comment_status":"open","ping_status":"closed","template":"","meta":{"rs_blank_template":"","rs_page_bg_color":"","slide_template_v7":""},"product_brand":[],"product_cat":[15],"product_tag":[],"class_list":{"0":"post-15270","1":"product","2":"type-product","3":"status-publish","4":"has-post-thumbnail","6":"product_cat-sublimacion","8":"first","9":"instock","10":"shipping-taxable","11":"product-type-external"},"_links":{"self":[{"href":"https:\/\/publitec.lat\/index.php\/wp-json\/wp\/v2\/product\/15270","targetHints":{"allow":["GET"]}}],"collection":[{"href":"https:\/\/publitec.lat\/index.php\/wp-json\/wp\/v2\/product"}],"about":[{"href":"https:\/\/publitec.lat\/index.php\/wp-json\/wp\/v2\/types\/product"}],"replies":[{"embeddable":true,"href":"https:\/\/publitec.lat\/index.php\/wp-json\/wp\/v2\/comments?post=15270"}],"wp:featuredmedia":[{"embeddable":true,"href":"https:\/\/publitec.lat\/index.php\/wp-json\/wp\/v2\/media\/15269"}],"wp:attachment":[{"href":"https:\/\/publitec.lat\/index.php\/wp-json\/wp\/v2\/media?parent=15270"}],"wp:term":[{"taxonomy":"product_brand","embeddable":true,"href":"https:\/\/publitec.lat\/index.php\/wp-json\/wp\/v2\/product_brand?post=15270"},{"taxonomy":"product_cat","embeddable":true,"href":"https:\/\/publitec.lat\/index.php\/wp-json\/wp\/v2\/product_cat?post=15270"},{"taxonomy":"product_tag","embeddable":true,"href":"https:\/\/publitec.lat\/index.php\/wp-json\/wp\/v2\/product_tag?post=15270"}],"curies":[{"name":"wp","href":"https:\/\/api.w.org\/{rel}","templated":true}]}}