{"id":15264,"date":"2026-04-29T17:21:40","date_gmt":"2026-04-29T17:21:40","guid":{"rendered":"https:\/\/publitec.lat\/index.php\/product\/placa-militar-rectangular-sublimarts\/"},"modified":"2026-04-29T17:21:40","modified_gmt":"2026-04-29T17:21:40","slug":"placa-militar-rectangular-sublimarts","status":"publish","type":"product","link":"https:\/\/publitec.lat\/index.php\/product\/placa-militar-rectangular-sublimarts\/","title":{"rendered":"Placa militar rectangular Sublimarts"},"content":{"rendered":"","protected":false},"excerpt":{"rendered":"<p>La placa tipo militar para sublimar es una chapa met\u00e1lica que va colgada en el cuello mediante una cadena o collar, tambi\u00e9n conocida como chapa de perro, es ideal para la producci\u00f3n de art\u00edculos promocionales y de im\u00e1gen gr\u00e1fica.<\/p>\n","protected":false},"featured_media":15263,"comment_status":"open","ping_status":"closed","template":"","meta":{"rs_blank_template":"","rs_page_bg_color":"","slide_template_v7":""},"product_brand":[],"product_cat":[15],"product_tag":[],"class_list":{"0":"post-15264","1":"product","2":"type-product","3":"status-publish","4":"has-post-thumbnail","6":"product_cat-sublimacion","8":"first","9":"instock","10":"shipping-taxable","11":"product-type-external"},"_links":{"self":[{"href":"https:\/\/publitec.lat\/index.php\/wp-json\/wp\/v2\/product\/15264","targetHints":{"allow":["GET"]}}],"collection":[{"href":"https:\/\/publitec.lat\/index.php\/wp-json\/wp\/v2\/product"}],"about":[{"href":"https:\/\/publitec.lat\/index.php\/wp-json\/wp\/v2\/types\/product"}],"replies":[{"embeddable":true,"href":"https:\/\/publitec.lat\/index.php\/wp-json\/wp\/v2\/comments?post=15264"}],"wp:featuredmedia":[{"embeddable":true,"href":"https:\/\/publitec.lat\/index.php\/wp-json\/wp\/v2\/media\/15263"}],"wp:attachment":[{"href":"https:\/\/publitec.lat\/index.php\/wp-json\/wp\/v2\/media?parent=15264"}],"wp:term":[{"taxonomy":"product_brand","embeddable":true,"href":"https:\/\/publitec.lat\/index.php\/wp-json\/wp\/v2\/product_brand?post=15264"},{"taxonomy":"product_cat","embeddable":true,"href":"https:\/\/publitec.lat\/index.php\/wp-json\/wp\/v2\/product_cat?post=15264"},{"taxonomy":"product_tag","embeddable":true,"href":"https:\/\/publitec.lat\/index.php\/wp-json\/wp\/v2\/product_tag?post=15264"}],"curies":[{"name":"wp","href":"https:\/\/api.w.org\/{rel}","templated":true}]}}