{"id":15261,"date":"2026-04-29T17:21:38","date_gmt":"2026-04-29T17:21:38","guid":{"rendered":"https:\/\/publitec.lat\/index.php\/product\/cartera-de-piel-sintetica-para-sublimacion\/"},"modified":"2026-04-29T17:21:38","modified_gmt":"2026-04-29T17:21:38","slug":"cartera-de-piel-sintetica-para-sublimacion","status":"publish","type":"product","link":"https:\/\/publitec.lat\/index.php\/product\/cartera-de-piel-sintetica-para-sublimacion\/","title":{"rendered":"Cartera de piel sint\u00e9tica para sublimaci\u00f3n"},"content":{"rendered":"<p>La cartera de polipiel es de dise\u00f1o minimalista que muestra una elegante sencillez. Son tu mejor compa\u00f1ero diario para guardar todo lo que necesitas con las ranuras en su interior. Confeccionada en cuero duradero cuidadosamente seleccionado y delicado hilo artesanal. Dise\u00f1ada con bolsillo con cierre para monedas, ranura para tarjetas de cr\u00e9dito y ventana transparente, Articulos de Piel Sintetica, Cuero Sintetico Para Sublimacion, Billeteros de piel sint\u00e9tica, Cartera con monedero para sublimaci\u00f3n, Billeteras para sublimar, Carteras de simil piel, Cartera con monedero para sublimaci\u00f3n negra, Cartera De Moda Piel Sintetica, Carteras de piel sint\u00e9tica para hombre, Carteras de hombre de piel sint\u00e9tica, Cartera de piel sint\u00e9tica color liso, Cartera para Caballero, Billetera De Moda Piel Sintetica, Billeteras de piel sint\u00e9tica para hombre, Billeteras de hombre de piel sint\u00e9tica, Billetera de piel sint\u00e9tica color liso, Billetera para Caballero, Billeteros de simil piel, Billetero con monedero para sublimaci\u00f3n negra, Billetero De Moda Piel Sintetica<\/p>\n","protected":false},"excerpt":{"rendered":"<p>La cartera de polipiel es de dise\u00f1o minimalista que muestra una elegante sencillez. Son tu mejor compa\u00f1ero diario para guardar todo lo que necesitas con las ranuras en su interior. Confeccionada en cuero duradero cuidadosamente seleccionado y delicado hilo artesanal. Dise\u00f1ada con bolsillo con cierre para monedas, ranura para tarjetas de cr\u00e9dito y ventana transparente, [&hellip;]<\/p>\n","protected":false},"featured_media":15259,"comment_status":"open","ping_status":"closed","template":"","meta":{"rs_blank_template":"","rs_page_bg_color":"","slide_template_v7":""},"product_brand":[],"product_cat":[15],"product_tag":[],"class_list":{"0":"post-15261","1":"product","2":"type-product","3":"status-publish","4":"has-post-thumbnail","6":"product_cat-sublimacion","8":"first","9":"instock","10":"shipping-taxable","11":"product-type-external"},"_links":{"self":[{"href":"https:\/\/publitec.lat\/index.php\/wp-json\/wp\/v2\/product\/15261","targetHints":{"allow":["GET"]}}],"collection":[{"href":"https:\/\/publitec.lat\/index.php\/wp-json\/wp\/v2\/product"}],"about":[{"href":"https:\/\/publitec.lat\/index.php\/wp-json\/wp\/v2\/types\/product"}],"replies":[{"embeddable":true,"href":"https:\/\/publitec.lat\/index.php\/wp-json\/wp\/v2\/comments?post=15261"}],"wp:featuredmedia":[{"embeddable":true,"href":"https:\/\/publitec.lat\/index.php\/wp-json\/wp\/v2\/media\/15259"}],"wp:attachment":[{"href":"https:\/\/publitec.lat\/index.php\/wp-json\/wp\/v2\/media?parent=15261"}],"wp:term":[{"taxonomy":"product_brand","embeddable":true,"href":"https:\/\/publitec.lat\/index.php\/wp-json\/wp\/v2\/product_brand?post=15261"},{"taxonomy":"product_cat","embeddable":true,"href":"https:\/\/publitec.lat\/index.php\/wp-json\/wp\/v2\/product_cat?post=15261"},{"taxonomy":"product_tag","embeddable":true,"href":"https:\/\/publitec.lat\/index.php\/wp-json\/wp\/v2\/product_tag?post=15261"}],"curies":[{"name":"wp","href":"https:\/\/api.w.org\/{rel}","templated":true}]}}