{"id":15256,"date":"2026-04-29T17:21:35","date_gmt":"2026-04-29T17:21:35","guid":{"rendered":"https:\/\/publitec.lat\/index.php\/product\/espejo-en-forma-de-circulo-de-7-cm-sublimarts\/"},"modified":"2026-04-29T17:21:35","modified_gmt":"2026-04-29T17:21:35","slug":"espejo-en-forma-de-circulo-de-7-cm-sublimarts","status":"publish","type":"product","link":"https:\/\/publitec.lat\/index.php\/product\/espejo-en-forma-de-circulo-de-7-cm-sublimarts\/","title":{"rendered":"Espejo en forma de circulo de 7 cm Sublimarts"},"content":{"rendered":"","protected":false},"excerpt":{"rendered":"<p>Espejo con forma redonda de tama\u00f1o 7 cm dise\u00f1ado con una \u00e1rea para ser personaliza por medio de la t\u00e9cnica de sublimaci\u00f3n.<\/p>\n","protected":false},"featured_media":15253,"comment_status":"open","ping_status":"closed","template":"","meta":{"rs_blank_template":"","rs_page_bg_color":"","slide_template_v7":""},"product_brand":[],"product_cat":[15],"product_tag":[],"class_list":{"0":"post-15256","1":"product","2":"type-product","3":"status-publish","4":"has-post-thumbnail","6":"product_cat-sublimacion","8":"first","9":"instock","10":"shipping-taxable","11":"product-type-external"},"_links":{"self":[{"href":"https:\/\/publitec.lat\/index.php\/wp-json\/wp\/v2\/product\/15256","targetHints":{"allow":["GET"]}}],"collection":[{"href":"https:\/\/publitec.lat\/index.php\/wp-json\/wp\/v2\/product"}],"about":[{"href":"https:\/\/publitec.lat\/index.php\/wp-json\/wp\/v2\/types\/product"}],"replies":[{"embeddable":true,"href":"https:\/\/publitec.lat\/index.php\/wp-json\/wp\/v2\/comments?post=15256"}],"wp:featuredmedia":[{"embeddable":true,"href":"https:\/\/publitec.lat\/index.php\/wp-json\/wp\/v2\/media\/15253"}],"wp:attachment":[{"href":"https:\/\/publitec.lat\/index.php\/wp-json\/wp\/v2\/media?parent=15256"}],"wp:term":[{"taxonomy":"product_brand","embeddable":true,"href":"https:\/\/publitec.lat\/index.php\/wp-json\/wp\/v2\/product_brand?post=15256"},{"taxonomy":"product_cat","embeddable":true,"href":"https:\/\/publitec.lat\/index.php\/wp-json\/wp\/v2\/product_cat?post=15256"},{"taxonomy":"product_tag","embeddable":true,"href":"https:\/\/publitec.lat\/index.php\/wp-json\/wp\/v2\/product_tag?post=15256"}],"curies":[{"name":"wp","href":"https:\/\/api.w.org\/{rel}","templated":true}]}}