{"id":15250,"date":"2026-04-29T17:21:01","date_gmt":"2026-04-29T17:21:01","guid":{"rendered":"https:\/\/publitec.lat\/index.php\/product\/funda-para-cojin-cuadrado-felpa-para-sublimacion-sublimarts\/"},"modified":"2026-04-29T17:21:01","modified_gmt":"2026-04-29T17:21:01","slug":"funda-para-cojin-cuadrado-felpa-para-sublimacion-sublimarts","status":"publish","type":"product","link":"https:\/\/publitec.lat\/index.php\/product\/funda-para-cojin-cuadrado-felpa-para-sublimacion-sublimarts\/","title":{"rendered":"Funda Para Coj\u00edn Cuadrado Felpa Para Sublimaci\u00f3n Sublimarts"},"content":{"rendered":"<p>Funda para cojines personalizables con sublimaci\u00f3n Sublimarts, Cojines de satin Para Sublimar,Funda de almohada para sublimaci\u00f3n,Insumos para Sublimar Sublimaci\u00f3n Cojines cuadrados,cojines para sublimar en mexico,venta de cojines para sublimar,cojines satin sublimacion,Funda De Almohada Para Sublimar,cubre almohada cuadrada sublimable,fundas cuadradas cubre almohada sublimable,funda cuadradade cojin sublimable,fundas felpa sublimable,cubre cojin felpa sublimable,fundas cubre cojin felpa sublimable,cubre almohada felpa sublimable,fundas cubre almohada felpa sublimable,funda de cojin felpa sublimable,fundas cuadradas felpa sublimable,cubre cojin cuadrado felpudo sublimable,fundas cuadradas cubre cojin felpudo sublimable,cubre almohada cuadrada felpudo sublimable,fundas cuadradas cubre almohada felpudo sublimable,funda cuadradade cojin felpudo sublimable,fundas satin sublimable,cubre cojin satin sublimable,fundas cubre cojin satin sublimable,cubre almohada satin sublimable,fundas cubre almohada satin sublimable,funda de cojin satin sublimable,fundas cuadradas satin sublimable,cubre cojin cuadrado satin sublimable,fundas cuadradas cubre cojin satin sublimable,cubre almohada cuadrada satin sublimable,fundas cuadradas cubre almohada satin sublimable,funda cuadradade cojin satin sublimable,fundas de satin personalizable,cubre cojin personalizable,fundas cubre cojin personalizable,cubre almohada personalizable,fundas cubre almohada personalizable,funda de cojin personalizable,fundas cuadradas personalizable,cubre cojin cuadrado personalizable,fundas cuadradas cubre cojin personalizable,cubre almohada cuadrada personalizable,fundas cuadradas cubre almohada personalizable,funda cuadradade cojin personalizable,fundas felpudo personalizable,cubre cojin felpudo personalizable,fundas cubre cojin felpudo personalizable,cubre almohada felpudo personalizable,fundas cubre almohada afelpado personalizable,funda de cojin afelpado personalizable,fundas cuadradas afelpado personalizable,cubre cojin cuadrado afelpado personalizable,fundas cuadradas cubre cojin afelpado personalizable,cubre almohada cuadrada afelpado personalizable,fundas cuadradas cubre almohada afelpado personalizable,funda cuadradade cojin afelpado personalizable,fundas satin personalizable,cubre cojin satin personalizable,fundas cubre cojin satin personalizable,cubre almohada satin personalizable,fundas cubre almohada satin personalizable,funda de cojin satin personalizable,fundas cuadradas satin personalizable,cubre cojin cuadrado satin personalizable,fundas cuadradas cubre cojin satin personalizable,cubre almohada cuadrada satin personalizable,fundas cuadradas cubre almohada satin personalizable,funda cuadradade cojin satin personalizable<\/p>\n","protected":false},"excerpt":{"rendered":"<p>Funda para cojines personalizables con sublimaci\u00f3n Sublimarts, Cojines de satin Para Sublimar,Funda de almohada para sublimaci\u00f3n,Insumos para Sublimar Sublimaci\u00f3n Cojines cuadrados,cojines para sublimar en mexico,venta de cojines para sublimar,cojines satin sublimacion,Funda De Almohada Para Sublimar,cubre almohada cuadrada sublimable,fundas cuadradas cubre almohada sublimable,funda cuadradade cojin sublimable,fundas felpa sublimable,cubre cojin felpa sublimable,fundas cubre cojin felpa sublimable,cubre almohada [&hellip;]<\/p>\n","protected":false},"featured_media":15248,"comment_status":"open","ping_status":"closed","template":"","meta":{"rs_blank_template":"","rs_page_bg_color":"","slide_template_v7":""},"product_brand":[],"product_cat":[15],"product_tag":[],"class_list":{"0":"post-15250","1":"product","2":"type-product","3":"status-publish","4":"has-post-thumbnail","6":"product_cat-sublimacion","8":"first","9":"instock","10":"shipping-taxable","11":"product-type-external"},"_links":{"self":[{"href":"https:\/\/publitec.lat\/index.php\/wp-json\/wp\/v2\/product\/15250","targetHints":{"allow":["GET"]}}],"collection":[{"href":"https:\/\/publitec.lat\/index.php\/wp-json\/wp\/v2\/product"}],"about":[{"href":"https:\/\/publitec.lat\/index.php\/wp-json\/wp\/v2\/types\/product"}],"replies":[{"embeddable":true,"href":"https:\/\/publitec.lat\/index.php\/wp-json\/wp\/v2\/comments?post=15250"}],"wp:featuredmedia":[{"embeddable":true,"href":"https:\/\/publitec.lat\/index.php\/wp-json\/wp\/v2\/media\/15248"}],"wp:attachment":[{"href":"https:\/\/publitec.lat\/index.php\/wp-json\/wp\/v2\/media?parent=15250"}],"wp:term":[{"taxonomy":"product_brand","embeddable":true,"href":"https:\/\/publitec.lat\/index.php\/wp-json\/wp\/v2\/product_brand?post=15250"},{"taxonomy":"product_cat","embeddable":true,"href":"https:\/\/publitec.lat\/index.php\/wp-json\/wp\/v2\/product_cat?post=15250"},{"taxonomy":"product_tag","embeddable":true,"href":"https:\/\/publitec.lat\/index.php\/wp-json\/wp\/v2\/product_tag?post=15250"}],"curies":[{"name":"wp","href":"https:\/\/api.w.org\/{rel}","templated":true}]}}