{"id":15249,"date":"2026-04-29T17:21:01","date_gmt":"2026-04-29T17:21:01","guid":{"rendered":"https:\/\/publitec.lat\/index.php\/product\/fundas-para-cojin-con-lentejuelas-reversibles-para-sublimacion\/"},"modified":"2026-04-29T17:21:01","modified_gmt":"2026-04-29T17:21:01","slug":"fundas-para-cojin-con-lentejuelas-reversibles-para-sublimacion","status":"publish","type":"product","link":"https:\/\/publitec.lat\/index.php\/product\/fundas-para-cojin-con-lentejuelas-reversibles-para-sublimacion\/","title":{"rendered":"Fundas Para Coj\u00edn Con Lentejuelas Reversibles Para Sublimaci\u00f3n"},"content":{"rendered":"<p>Fundas cuadradas con lentejuelas reversibles para cojines personalizables mediante la t\u00e9cnica de sublimaci\u00f3n,cubre cojin para sublimados varios colores,fundas cubre cojin para sublimacion,cubre almohada para sublimacion,fundas cubre almohada para sublimacion,fundas de cojinses para sublimacion,funda de cojin para sublimacion,Fundas Para Almohadas Para Sublimar,Funda De Almohada Para Sublimar,Funda De Cojines Para Sublimar,cojines para sublimar articulos promocionales,cubre almohadas con lentejuelas reversibles sublimado,cubre cojines de lentejuelas reversibles sublimados,fundas con lentejuelas de varios colores para sublimacion,sublimacion en fundas para almohadas cuadradas,cubre almohadas con lentejuelas reversibles ,cubre cojines de lentejuelas reversibles,Fundas cuadradas de 40&#215;40 para sublimar ,Almohadon Para Sublimar Funda,cubre almohada para sublimacion,Funda De Almohada Para Sublimar,fundas cuadradas cubre almohada sublimable lentejuelas negroes,funda cuadrada negro de cojin sublimable,fundas de lentejuelas negroes reversibles sublimable,cubre cojin con lentejuelas negro reversible sublimable,fundas cubre cojin sublimable dimensiones 40x40cm,cubre almohada sublimable de lentejuelas,fundas cubre almohada sublimable,funda de cojin decorado sublimable,fundas cuadradas sublimable personalizado,cubre cojin cuadrado sublimable,fundas cuadradas cubre cojin sublimable,cubre almohada cuadrada sublimable de color negro,fundas cuadradas varios colores cubre almohada sublimable,funda cuadradade cojin sublimable,fundas sublimables personalizables,cubre cojin sublimable de lentejuelas color negro,fundas cubre cojin sublimable tama\u00f1o 40&#215;40 cm,cubre almohada sublimable negro,fundas cubre almohada sublimable,funda de cojin sublimable de 40x40cm,fundas cuadradas sublimable lentejuela negro reversible,cubre cojin cuadrado sublimable lentejuelas negroes,fundas cuadradas cubre cojin sublimable,cubre almohada cuadrada sublimable,fundas cuadradas cubre almohada sublimable,funda cuadradade cojin sublimable,cubre cojin personalizable con lentejuelas,fundas cubre cojin color negro personalizable,cubre almohada personalizable colores negroes,funda cuadradade cojin personalizable,fundas personalizable lentejuelas color oro,cubre cojin personalizable de lentejuelas reversibles,fundas cubre cojin personalizable,cubre almohada personalizable negro,fundas lentejuelas reversibles dorado cubre almohada personalizable,funda de lentejuela dorado de cojin personalizable,fundas cuadradas personalizable varios colores,cubre cojin cuadrado personalizable,fundas cuadradas cubre cojin personalizable,cubre almohada cuadrada oro personalizable,fundas cuadradas lentejuelas reversibles oro cubre almohada personalizable,funda cuadradade cojin personalizable con sublimacion,Funda de almohada para sublimaci\u00f3n color oro,Funda De Almohada de lentejuela para sublimar,cubre almohada cuadrada sublimable dorado,fundas cubre cojin personalizable,cubre almohada personalizable negro,fundas con lentejuelas doradas cubre almohada personalizable,funda de cojin personalizable color oro,fundas cuadradas personalizable negro,cubre cojin cuadrado personalizable,fundas cuadradas cubre cojin personalizable,fundas cubre almohada personalizable color dorado,funda de cojin personalizable lentejuelas plateadas,fundas cuadradas personalizable 40x40cm,cubre cojin cuadrado personalizable,fundas cuadradas cubre cojin personalizable,cubre almohada cuadrada personalizable lentejuela dorado,fundas cuadradas cubre almohada personalizable,funda cuadradade cojin personalizable,fundas personalizable con lentejuelas plateadas,cubre cojin personalizable tama\u00f1o 40x40cm,fundas cubre cojin personalizable negro,cubre almohada personalizable varios colores,fundas cubre almohada personalizable,funda de cojin personalizable de color dorado,fundas cuadradas personalizable plateados,cubre cojin cuadrado personalizable<\/p>\n","protected":false},"excerpt":{"rendered":"<p>Fundas cuadradas con lentejuelas reversibles para cojines personalizables mediante la t\u00e9cnica de sublimaci\u00f3n,cubre cojin para sublimados varios colores,fundas cubre cojin para sublimacion,cubre almohada para sublimacion,fundas cubre almohada para sublimacion,fundas de cojinses para sublimacion,funda de cojin para sublimacion,Fundas Para Almohadas Para Sublimar,Funda De Almohada Para Sublimar,Funda De Cojines Para Sublimar,cojines para sublimar articulos promocionales,cubre almohadas con [&hellip;]<\/p>\n","protected":false},"featured_media":15247,"comment_status":"open","ping_status":"closed","template":"","meta":{"rs_blank_template":"","rs_page_bg_color":"","slide_template_v7":""},"product_brand":[],"product_cat":[15],"product_tag":[],"class_list":{"0":"post-15249","1":"product","2":"type-product","3":"status-publish","4":"has-post-thumbnail","6":"product_cat-sublimacion","8":"first","9":"instock","10":"shipping-taxable","11":"product-type-external"},"_links":{"self":[{"href":"https:\/\/publitec.lat\/index.php\/wp-json\/wp\/v2\/product\/15249","targetHints":{"allow":["GET"]}}],"collection":[{"href":"https:\/\/publitec.lat\/index.php\/wp-json\/wp\/v2\/product"}],"about":[{"href":"https:\/\/publitec.lat\/index.php\/wp-json\/wp\/v2\/types\/product"}],"replies":[{"embeddable":true,"href":"https:\/\/publitec.lat\/index.php\/wp-json\/wp\/v2\/comments?post=15249"}],"wp:featuredmedia":[{"embeddable":true,"href":"https:\/\/publitec.lat\/index.php\/wp-json\/wp\/v2\/media\/15247"}],"wp:attachment":[{"href":"https:\/\/publitec.lat\/index.php\/wp-json\/wp\/v2\/media?parent=15249"}],"wp:term":[{"taxonomy":"product_brand","embeddable":true,"href":"https:\/\/publitec.lat\/index.php\/wp-json\/wp\/v2\/product_brand?post=15249"},{"taxonomy":"product_cat","embeddable":true,"href":"https:\/\/publitec.lat\/index.php\/wp-json\/wp\/v2\/product_cat?post=15249"},{"taxonomy":"product_tag","embeddable":true,"href":"https:\/\/publitec.lat\/index.php\/wp-json\/wp\/v2\/product_tag?post=15249"}],"curies":[{"name":"wp","href":"https:\/\/api.w.org\/{rel}","templated":true}]}}