{"id":15246,"date":"2026-04-29T17:21:00","date_gmt":"2026-04-29T17:21:00","guid":{"rendered":"https:\/\/publitec.lat\/index.php\/product\/azulejo-de-ceramica-blanco-de-15x15cm-para-sublimacion\/"},"modified":"2026-04-29T17:21:00","modified_gmt":"2026-04-29T17:21:00","slug":"azulejo-de-ceramica-blanco-de-15x15cm-para-sublimacion","status":"publish","type":"product","link":"https:\/\/publitec.lat\/index.php\/product\/azulejo-de-ceramica-blanco-de-15x15cm-para-sublimacion\/","title":{"rendered":"Azulejo De Cer\u00e1mica Blanco De 15x15cm Para Sublimaci\u00f3n"},"content":{"rendered":"<p>Azulejo de ceramica blanco de 15&#215;15 cm para sublimacion marca sublimarts, , Placa de Cer\u00e1mica Cuadrada, Azulejo 15cm de ceramica, placa de Cer\u00e1mica Blanco 15X15cm Sublimarts, placa para sublimar sublimarts, placas Para Sublimar, placa Para Sublimar 15&#215;15, placas de Cer\u00e1mica para Sublimaci\u00f3n, placas de ceramica para sublimacio, Placa de Cer\u00e1mica para sublimaci\u00f3n personalizable, placa Sublimarts 15 X 15cm, placa 15cm de ceramica para sublimar, placa para sublimar 15&#215;15, placas para sublimar en chihuahua, placa sublimable sublimarts, ceramica para sublimar 15&#215;15, ceramicas para sublimar en chihuahua, ceramica sublimable sublimarts, ceramica para sublimar 15&#215;15, placa de ceramica Sublimarts 15 X 15cm, placa de ceramica 15cm de ceramica para sublimar, placa de ceramica para sublimar 15&#215;15, placa de ceramicas para sublimar en chihuahua, placa de ceramica sublimable, placa de ceramica para sublimar 15&#215;15, azulejo para sublimacion, azulejo para sublimar sublimarts, azulejo para sublimar 15&#215;15, azulejos para sublimar por mayor, azulejos para sublimar mexico, donde comprar azulejos para sublimar, azulejos para sublimar, ceramica azulejo para sublimar, precio de azulejo para sublimar, tama\u00f1o de azulejo para sublimar, placa de ceramica para sublimar, placas para sublimar, placas para sublimar mexico, placas para sublimar precio, placas para sublimacion, placas para sublimar de ceramica, placas ceramica sublimadas, placas ceramica para sublimar, venta de placas para sublimar<\/p>\n","protected":false},"excerpt":{"rendered":"<p>Azulejo de ceramica blanco de 15&#215;15 cm para sublimacion marca sublimarts, , Placa de Cer\u00e1mica Cuadrada, Azulejo 15cm de ceramica, placa de Cer\u00e1mica Blanco 15X15cm Sublimarts, placa para sublimar sublimarts, placas Para Sublimar, placa Para Sublimar 15&#215;15, placas de Cer\u00e1mica para Sublimaci\u00f3n, placas de ceramica para sublimacio, Placa de Cer\u00e1mica para sublimaci\u00f3n personalizable, placa Sublimarts [&hellip;]<\/p>\n","protected":false},"featured_media":15245,"comment_status":"open","ping_status":"closed","template":"","meta":{"rs_blank_template":"","rs_page_bg_color":"","slide_template_v7":""},"product_brand":[],"product_cat":[15],"product_tag":[],"class_list":{"0":"post-15246","1":"product","2":"type-product","3":"status-publish","4":"has-post-thumbnail","6":"product_cat-sublimacion","8":"first","9":"instock","10":"shipping-taxable","11":"product-type-external"},"_links":{"self":[{"href":"https:\/\/publitec.lat\/index.php\/wp-json\/wp\/v2\/product\/15246","targetHints":{"allow":["GET"]}}],"collection":[{"href":"https:\/\/publitec.lat\/index.php\/wp-json\/wp\/v2\/product"}],"about":[{"href":"https:\/\/publitec.lat\/index.php\/wp-json\/wp\/v2\/types\/product"}],"replies":[{"embeddable":true,"href":"https:\/\/publitec.lat\/index.php\/wp-json\/wp\/v2\/comments?post=15246"}],"wp:featuredmedia":[{"embeddable":true,"href":"https:\/\/publitec.lat\/index.php\/wp-json\/wp\/v2\/media\/15245"}],"wp:attachment":[{"href":"https:\/\/publitec.lat\/index.php\/wp-json\/wp\/v2\/media?parent=15246"}],"wp:term":[{"taxonomy":"product_brand","embeddable":true,"href":"https:\/\/publitec.lat\/index.php\/wp-json\/wp\/v2\/product_brand?post=15246"},{"taxonomy":"product_cat","embeddable":true,"href":"https:\/\/publitec.lat\/index.php\/wp-json\/wp\/v2\/product_cat?post=15246"},{"taxonomy":"product_tag","embeddable":true,"href":"https:\/\/publitec.lat\/index.php\/wp-json\/wp\/v2\/product_tag?post=15246"}],"curies":[{"name":"wp","href":"https:\/\/api.w.org\/{rel}","templated":true}]}}