{"id":15213,"date":"2026-04-29T17:14:33","date_gmt":"2026-04-29T17:14:33","guid":{"rendered":"https:\/\/publitec.lat\/index.php\/product\/llavero-de-corazon-sublimarts-5-2-x-4-2cm\/"},"modified":"2026-04-29T17:14:33","modified_gmt":"2026-04-29T17:14:33","slug":"llavero-de-corazon-sublimarts-5-2-x-4-2cm","status":"publish","type":"product","link":"https:\/\/publitec.lat\/index.php\/product\/llavero-de-corazon-sublimarts-5-2-x-4-2cm\/","title":{"rendered":"Llavero de Coraz\u00f3n Sublimarts 5.2 x 4.2cm"},"content":{"rendered":"","protected":false},"excerpt":{"rendered":"<p>Llavero blanco de coraz\u00f3n para sublimaci\u00f3n hecho con pol\u00edmero.<\/p>\n","protected":false},"featured_media":15210,"comment_status":"open","ping_status":"closed","template":"","meta":{"rs_blank_template":"","rs_page_bg_color":"","slide_template_v7":""},"product_brand":[],"product_cat":[15],"product_tag":[],"class_list":{"0":"post-15213","1":"product","2":"type-product","3":"status-publish","4":"has-post-thumbnail","6":"product_cat-sublimacion","8":"first","9":"instock","10":"shipping-taxable","11":"product-type-external"},"_links":{"self":[{"href":"https:\/\/publitec.lat\/index.php\/wp-json\/wp\/v2\/product\/15213","targetHints":{"allow":["GET"]}}],"collection":[{"href":"https:\/\/publitec.lat\/index.php\/wp-json\/wp\/v2\/product"}],"about":[{"href":"https:\/\/publitec.lat\/index.php\/wp-json\/wp\/v2\/types\/product"}],"replies":[{"embeddable":true,"href":"https:\/\/publitec.lat\/index.php\/wp-json\/wp\/v2\/comments?post=15213"}],"wp:featuredmedia":[{"embeddable":true,"href":"https:\/\/publitec.lat\/index.php\/wp-json\/wp\/v2\/media\/15210"}],"wp:attachment":[{"href":"https:\/\/publitec.lat\/index.php\/wp-json\/wp\/v2\/media?parent=15213"}],"wp:term":[{"taxonomy":"product_brand","embeddable":true,"href":"https:\/\/publitec.lat\/index.php\/wp-json\/wp\/v2\/product_brand?post=15213"},{"taxonomy":"product_cat","embeddable":true,"href":"https:\/\/publitec.lat\/index.php\/wp-json\/wp\/v2\/product_cat?post=15213"},{"taxonomy":"product_tag","embeddable":true,"href":"https:\/\/publitec.lat\/index.php\/wp-json\/wp\/v2\/product_tag?post=15213"}],"curies":[{"name":"wp","href":"https:\/\/api.w.org\/{rel}","templated":true}]}}