{"id":15199,"date":"2026-04-29T17:02:17","date_gmt":"2026-04-29T17:02:17","guid":{"rendered":"https:\/\/publitec.lat\/index.php\/product\/caja-sublimable-con-ventana-sublimarts\/"},"modified":"2026-04-29T17:02:17","modified_gmt":"2026-04-29T17:02:17","slug":"caja-sublimable-con-ventana-sublimarts","status":"publish","type":"product","link":"https:\/\/publitec.lat\/index.php\/product\/caja-sublimable-con-ventana-sublimarts\/","title":{"rendered":"Caja sublimable con ventana Sublimarts"},"content":{"rendered":"<p>La caja sublimable con ventana para taza de 11oz est\u00e1 dise\u00f1ada para ser personalizada con sublimaci\u00f3n por transferencia, urna de cart\u00f3n sublimable, molde estuche para taza de 11oz, estuche de tazas para sublimar, estuches para tazas para sublimar, plantilla estuche taza 11 oz, estuches para tazas sublimadas, moldes para hacer estuches para tazas, estuches para sublimar, plantilla de estuche para sublimar, molde estuche para taza de 11oz, estuches para tazas sublimadas, estuche para tazas 11 oz, medidas de estuche para taza, estuches para tazas de regalo, estuches para tazas personalizadas, estuches de cart\u00f3n, Cajas Para Tazas Sublimadas, Caja Para Taza Para Sublimacion, molde para cortar caja para tazas, medidas de caja para taza, caja para taza con ventana, molde caja para taza de 11oz, moldes para hacer cajas para tazas, caja sublimable para taza, molde caja para taza de 11oz pdf, como hacer cajas para tazas sublimadas, cajas para tazas personalizadas, Caja Carton Sublimable para Tazas, Caja individual sublimable para taza, dise\u00f1o caja para taza sublimada, Caja Para una Taza Sublimable, Cajas De Cart\u00f3n Personalizadas, Caja personalizable, Caja sublimable, Caja para tazas en blanco, Caja para tazas sublimable, Caja para tazas de sublimaci\u00f3n, Caja blanca para sublimaci\u00f3n, Caja para tazas personalizable, Caja personalizable para tazas, plastillas para urnas de tazas 11oz, sublimando urna con ventana para taza, urnas Para Taza 11oz Sublimar, urna individual para tazas de 11o, urna de cart\u00f3n sublimable, molde estuche para taza de 11oz, estuche de tazas para sublimar, estuches para tazas para sublimar, plantilla estuche taza 11 oz, estuches para tazas sublimadas, moldes para hacer estuches para tazas, estuches para sublimar, plantilla de estuche para sublimar, molde estuche para taza de 11oz, estuches para tazas sublimadas, estuche para tazas 11 oz, medidas de estuche para taza, estuches para tazas de regalo, estuches para tazas personalizadas, estuches de cart\u00f3n, Cajas Para Tazas Sublimadas, Caja Para Taza Para Sublimacion, molde para cortar caja para tazas, medidas de caja para taza, caja para taza con ventana, molde caja para taza de 11oz, moldes para hacer cajas para tazas, caja sublimable para taza, molde caja para taza de 11oz pdf, como hacer cajas para tazas sublimadas, cajas para tazas personalizadas, Caja Carton Sublimable para Tazas<\/p>\n","protected":false},"excerpt":{"rendered":"<p>La caja sublimable con ventana para taza de 11oz est\u00e1 dise\u00f1ada para ser personalizada con sublimaci\u00f3n por transferencia, urna de cart\u00f3n sublimable, molde estuche para taza de 11oz, estuche de tazas para sublimar, estuches para tazas para sublimar, plantilla estuche taza 11 oz, estuches para tazas sublimadas, moldes para hacer estuches para tazas, estuches para [&hellip;]<\/p>\n","protected":false},"featured_media":15197,"comment_status":"open","ping_status":"closed","template":"","meta":{"rs_blank_template":"","rs_page_bg_color":"","slide_template_v7":""},"product_brand":[],"product_cat":[15],"product_tag":[],"class_list":{"0":"post-15199","1":"product","2":"type-product","3":"status-publish","4":"has-post-thumbnail","6":"product_cat-sublimacion","8":"first","9":"instock","10":"shipping-taxable","11":"product-type-external"},"_links":{"self":[{"href":"https:\/\/publitec.lat\/index.php\/wp-json\/wp\/v2\/product\/15199","targetHints":{"allow":["GET"]}}],"collection":[{"href":"https:\/\/publitec.lat\/index.php\/wp-json\/wp\/v2\/product"}],"about":[{"href":"https:\/\/publitec.lat\/index.php\/wp-json\/wp\/v2\/types\/product"}],"replies":[{"embeddable":true,"href":"https:\/\/publitec.lat\/index.php\/wp-json\/wp\/v2\/comments?post=15199"}],"wp:featuredmedia":[{"embeddable":true,"href":"https:\/\/publitec.lat\/index.php\/wp-json\/wp\/v2\/media\/15197"}],"wp:attachment":[{"href":"https:\/\/publitec.lat\/index.php\/wp-json\/wp\/v2\/media?parent=15199"}],"wp:term":[{"taxonomy":"product_brand","embeddable":true,"href":"https:\/\/publitec.lat\/index.php\/wp-json\/wp\/v2\/product_brand?post=15199"},{"taxonomy":"product_cat","embeddable":true,"href":"https:\/\/publitec.lat\/index.php\/wp-json\/wp\/v2\/product_cat?post=15199"},{"taxonomy":"product_tag","embeddable":true,"href":"https:\/\/publitec.lat\/index.php\/wp-json\/wp\/v2\/product_tag?post=15199"}],"curies":[{"name":"wp","href":"https:\/\/api.w.org\/{rel}","templated":true}]}}