{"id":15192,"date":"2026-04-29T17:01:35","date_gmt":"2026-04-29T17:01:35","guid":{"rendered":"https:\/\/publitec.lat\/index.php\/product\/mandil-publicitario-para-sublimar\/"},"modified":"2026-04-29T17:01:35","modified_gmt":"2026-04-29T17:01:35","slug":"mandil-publicitario-para-sublimar","status":"publish","type":"product","link":"https:\/\/publitec.lat\/index.php\/product\/mandil-publicitario-para-sublimar\/","title":{"rendered":"Mandil Publicitario para Sublimar"},"content":{"rendered":"<p>Tela tafet\u00e1n de alta calidad en 160 gramos, 100% poli\u00e9ster. Al ser fibra sint\u00e9tica permite una transferencia por sublimaci\u00f3n sin problema, sin degradaci\u00f3n de color con el uso o durante el lavado,Telas Sublimar sublimarts,Tela Brush o piel durazno,mandil Brush ni\u00f1o,mandil Infantil sublimar,mandiles Manga Corta,mandil Sublimar Ni\u00f1o,faldon sublimaci\u00f3n,mandiles publicitario,mandil Sublimar Adulto Unisex,mandiles Premium Sublimar,mandil sublimadas sublimarts,mandiles sublimar,delantal Moderna Sublimar,delantales sublimaci\u00f3n,delantal sublimar cuello redondo,delantal especial sublimar,Tela sublimar tejido especial,proteccion blanca sublimar,Textiles sublimar faldon,delantales Brush,delantal Tela Brush,delantal sublimar,delantales Sublimar,delantales sublimar,delantal sublimadas,delantales sublimar,prenda blush sublimar,prenda Unisex Tela Brush,prendas sublimar confeccionadas,prendas sublimar,prendas dry fit sublimar,faldon Sublimar,prenda Brush ni\u00f1o,prendas Manga Corta,proteccion Moderna Sublimar,faldon sublimaci\u00f3n,proteccion Tela Brush,proteccion sublimar<\/p>\n","protected":false},"excerpt":{"rendered":"<p>Tela tafet\u00e1n de alta calidad en 160 gramos, 100% poli\u00e9ster. Al ser fibra sint\u00e9tica permite una transferencia por sublimaci\u00f3n sin problema, sin degradaci\u00f3n de color con el uso o durante el lavado,Telas Sublimar sublimarts,Tela Brush o piel durazno,mandil Brush ni\u00f1o,mandil Infantil sublimar,mandiles Manga Corta,mandil Sublimar Ni\u00f1o,faldon sublimaci\u00f3n,mandiles publicitario,mandil Sublimar Adulto Unisex,mandiles Premium Sublimar,mandil sublimadas sublimarts,mandiles [&hellip;]<\/p>\n","protected":false},"featured_media":15191,"comment_status":"open","ping_status":"closed","template":"","meta":{"rs_blank_template":"","rs_page_bg_color":"","slide_template_v7":""},"product_brand":[],"product_cat":[15],"product_tag":[],"class_list":{"0":"post-15192","1":"product","2":"type-product","3":"status-publish","4":"has-post-thumbnail","6":"product_cat-sublimacion","8":"first","9":"instock","10":"shipping-taxable","11":"product-type-external"},"_links":{"self":[{"href":"https:\/\/publitec.lat\/index.php\/wp-json\/wp\/v2\/product\/15192","targetHints":{"allow":["GET"]}}],"collection":[{"href":"https:\/\/publitec.lat\/index.php\/wp-json\/wp\/v2\/product"}],"about":[{"href":"https:\/\/publitec.lat\/index.php\/wp-json\/wp\/v2\/types\/product"}],"replies":[{"embeddable":true,"href":"https:\/\/publitec.lat\/index.php\/wp-json\/wp\/v2\/comments?post=15192"}],"wp:featuredmedia":[{"embeddable":true,"href":"https:\/\/publitec.lat\/index.php\/wp-json\/wp\/v2\/media\/15191"}],"wp:attachment":[{"href":"https:\/\/publitec.lat\/index.php\/wp-json\/wp\/v2\/media?parent=15192"}],"wp:term":[{"taxonomy":"product_brand","embeddable":true,"href":"https:\/\/publitec.lat\/index.php\/wp-json\/wp\/v2\/product_brand?post=15192"},{"taxonomy":"product_cat","embeddable":true,"href":"https:\/\/publitec.lat\/index.php\/wp-json\/wp\/v2\/product_cat?post=15192"},{"taxonomy":"product_tag","embeddable":true,"href":"https:\/\/publitec.lat\/index.php\/wp-json\/wp\/v2\/product_tag?post=15192"}],"curies":[{"name":"wp","href":"https:\/\/api.w.org\/{rel}","templated":true}]}}