{"id":15190,"date":"2026-04-29T17:01:34","date_gmt":"2026-04-29T17:01:34","guid":{"rendered":"https:\/\/publitec.lat\/index.php\/product\/playera-unisex-tela-brush-para-sublimar-blanco\/"},"modified":"2026-04-29T17:01:34","modified_gmt":"2026-04-29T17:01:34","slug":"playera-unisex-tela-brush-para-sublimar-blanco","status":"publish","type":"product","link":"https:\/\/publitec.lat\/index.php\/product\/playera-unisex-tela-brush-para-sublimar-blanco\/","title":{"rendered":"Playera Unisex Tela Brush para Sublimar Blanco"},"content":{"rendered":"<p>Playera Unisex para sublimar elaborada de tela brush expandex de alta calidad en 180 gramos, 96% poli\u00e9ster, 4% elastano. Al ser 100% fibra sint\u00e9tica permite una transferencia por sublimaci\u00f3n sin problema, sin degradaci\u00f3n de color con el uso o durante el lavado, playera deportiva sublimar,Telas Sublimar,Tela Brush o piel durazno,Playera Brush ni\u00f1o,Playera Infantil sublimar,Playeras Manga Corta,Playera Sublimar Ni\u00f1o,Camisetas sublimaci\u00f3n,Playeras campa\u00f1a,Playera Sublimar Adulto Unisex,Playeras Premium Sublimar,Playera sublimadas,Playeras sublimar,Blusa Moderna Sublimar,Blusas sublimaci\u00f3n,blusa sublimar cuello redondo,blusa especial sublimar,Tela sublimar tejido especial,camiseta blanca sublimar,Textiles sublimar camisetas,blusas Brush,blusa Tela Brush,blusa sublimar,blusas Sublimar,blusas sublimar,blusa sublimadas,blusas sublimar,prenda blush sublimar,prenda Unisex Tela Brush,prendas sublimar confeccionadas,prendas sublimar,prendas dry fit sublimar,camisetas Sublimar,prenda Brush ni\u00f1o,prendas Manga Corta,camiseta Moderna Sublimar,camisetas sublimaci\u00f3n,camiseta Tela Brush,camiseta sublimar<\/p>\n","protected":false},"excerpt":{"rendered":"<p>Playera Unisex para sublimar elaborada de tela brush expandex de alta calidad en 180 gramos, 96% poli\u00e9ster, 4% elastano. Al ser 100% fibra sint\u00e9tica permite una transferencia por sublimaci\u00f3n sin problema, sin degradaci\u00f3n de color con el uso o durante el lavado, playera deportiva sublimar,Telas Sublimar,Tela Brush o piel durazno,Playera Brush ni\u00f1o,Playera Infantil sublimar,Playeras Manga [&hellip;]<\/p>\n","protected":false},"featured_media":15189,"comment_status":"open","ping_status":"closed","template":"","meta":{"rs_blank_template":"","rs_page_bg_color":"","slide_template_v7":""},"product_brand":[],"product_cat":[15],"product_tag":[],"class_list":{"0":"post-15190","1":"product","2":"type-product","3":"status-publish","4":"has-post-thumbnail","6":"product_cat-sublimacion","8":"first","9":"instock","10":"shipping-taxable","11":"product-type-external"},"_links":{"self":[{"href":"https:\/\/publitec.lat\/index.php\/wp-json\/wp\/v2\/product\/15190","targetHints":{"allow":["GET"]}}],"collection":[{"href":"https:\/\/publitec.lat\/index.php\/wp-json\/wp\/v2\/product"}],"about":[{"href":"https:\/\/publitec.lat\/index.php\/wp-json\/wp\/v2\/types\/product"}],"replies":[{"embeddable":true,"href":"https:\/\/publitec.lat\/index.php\/wp-json\/wp\/v2\/comments?post=15190"}],"wp:featuredmedia":[{"embeddable":true,"href":"https:\/\/publitec.lat\/index.php\/wp-json\/wp\/v2\/media\/15189"}],"wp:attachment":[{"href":"https:\/\/publitec.lat\/index.php\/wp-json\/wp\/v2\/media?parent=15190"}],"wp:term":[{"taxonomy":"product_brand","embeddable":true,"href":"https:\/\/publitec.lat\/index.php\/wp-json\/wp\/v2\/product_brand?post=15190"},{"taxonomy":"product_cat","embeddable":true,"href":"https:\/\/publitec.lat\/index.php\/wp-json\/wp\/v2\/product_cat?post=15190"},{"taxonomy":"product_tag","embeddable":true,"href":"https:\/\/publitec.lat\/index.php\/wp-json\/wp\/v2\/product_tag?post=15190"}],"curies":[{"name":"wp","href":"https:\/\/api.w.org\/{rel}","templated":true}]}}