{"id":15188,"date":"2026-04-29T17:01:33","date_gmt":"2026-04-29T17:01:33","guid":{"rendered":"https:\/\/publitec.lat\/index.php\/product\/bufanda-tipo-bandana-sublimable\/"},"modified":"2026-04-29T17:01:33","modified_gmt":"2026-04-29T17:01:33","slug":"bufanda-tipo-bandana-sublimable","status":"publish","type":"product","link":"https:\/\/publitec.lat\/index.php\/product\/bufanda-tipo-bandana-sublimable\/","title":{"rendered":"Bufanda tipo bandana sublimable"},"content":{"rendered":"<p>Bufandas de sublimaci\u00f3n circular de color blanco marca Sublimarts para personalizar por medio de la t\u00e9cncia de sublimaci\u00f3n, crea bufandas \u00fanicas con el dise\u00f1o de tu elecci\u00f3n, bufanda sublimable,bufanda sublimacion,velo Para Sublimacion ,Bufandas Para Sublimar,bufandas deportivas,bufandas deportivas personalizadas,bufandas personalizadas,bufandas sublimadas personalizadas,Bufandas Sublimadas,Bufanda Sublimada Personalizada,velo deportivas personalizadas,velo personalizadas,velo sublimadas personalizadas,velo Sublimadas,buff Sublimada Personalizada,cubrecuello Para Sublimar,cubrecuello deportivas,cubrecuello deportivas personalizadas,cubrecuello personalizadas,cubrecuello sublimadas personalizadas,cubrecuello Sublimadas,Bufanda Sublimada Personalizada,chalina personalizadas,chalina sublimadas personalizadas,chalina Sublimadas<\/p>\n","protected":false},"excerpt":{"rendered":"<p>Bufandas de sublimaci\u00f3n circular de color blanco marca Sublimarts para personalizar por medio de la t\u00e9cncia de sublimaci\u00f3n, crea bufandas \u00fanicas con el dise\u00f1o de tu elecci\u00f3n, bufanda sublimable,bufanda sublimacion,velo Para Sublimacion ,Bufandas Para Sublimar,bufandas deportivas,bufandas deportivas personalizadas,bufandas personalizadas,bufandas sublimadas personalizadas,Bufandas Sublimadas,Bufanda Sublimada Personalizada,velo deportivas personalizadas,velo personalizadas,velo sublimadas personalizadas,velo Sublimadas,buff Sublimada Personalizada,cubrecuello Para Sublimar,cubrecuello deportivas,cubrecuello [&hellip;]<\/p>\n","protected":false},"featured_media":15187,"comment_status":"open","ping_status":"closed","template":"","meta":{"rs_blank_template":"","rs_page_bg_color":"","slide_template_v7":""},"product_brand":[],"product_cat":[15],"product_tag":[],"class_list":{"0":"post-15188","1":"product","2":"type-product","3":"status-publish","4":"has-post-thumbnail","6":"product_cat-sublimacion","8":"first","9":"instock","10":"shipping-taxable","11":"product-type-external"},"_links":{"self":[{"href":"https:\/\/publitec.lat\/index.php\/wp-json\/wp\/v2\/product\/15188","targetHints":{"allow":["GET"]}}],"collection":[{"href":"https:\/\/publitec.lat\/index.php\/wp-json\/wp\/v2\/product"}],"about":[{"href":"https:\/\/publitec.lat\/index.php\/wp-json\/wp\/v2\/types\/product"}],"replies":[{"embeddable":true,"href":"https:\/\/publitec.lat\/index.php\/wp-json\/wp\/v2\/comments?post=15188"}],"wp:featuredmedia":[{"embeddable":true,"href":"https:\/\/publitec.lat\/index.php\/wp-json\/wp\/v2\/media\/15187"}],"wp:attachment":[{"href":"https:\/\/publitec.lat\/index.php\/wp-json\/wp\/v2\/media?parent=15188"}],"wp:term":[{"taxonomy":"product_brand","embeddable":true,"href":"https:\/\/publitec.lat\/index.php\/wp-json\/wp\/v2\/product_brand?post=15188"},{"taxonomy":"product_cat","embeddable":true,"href":"https:\/\/publitec.lat\/index.php\/wp-json\/wp\/v2\/product_cat?post=15188"},{"taxonomy":"product_tag","embeddable":true,"href":"https:\/\/publitec.lat\/index.php\/wp-json\/wp\/v2\/product_tag?post=15188"}],"curies":[{"name":"wp","href":"https:\/\/api.w.org\/{rel}","templated":true}]}}