{"id":15186,"date":"2026-04-29T17:01:31","date_gmt":"2026-04-29T17:01:31","guid":{"rendered":"https:\/\/publitec.lat\/index.php\/product\/cubrebocas-blanco-de-una-sola-capa-sublimarts\/"},"modified":"2026-04-29T17:01:31","modified_gmt":"2026-04-29T17:01:31","slug":"cubrebocas-blanco-de-una-sola-capa-sublimarts","status":"publish","type":"product","link":"https:\/\/publitec.lat\/index.php\/product\/cubrebocas-blanco-de-una-sola-capa-sublimarts\/","title":{"rendered":"Cubrebocas blanco de una sola capa Sublimarts"},"content":{"rendered":"<p>Cubrebocas blanco de una sola capa marca Sublimarts de 100% poliester ideal para personalizar con la tecnolog\u00eda de sublimaci\u00f3n, Mascarilla de sublimaci\u00f3n 3D,Cubrebocas blanco una capa,Cubreboca Blanco Sencillo,Cubreboca B\u00e1sico sublimable,Cubrebocas blanco para sublimacion,Mascarillas Cubrebocas Blanco,Cubrebocas una capa blanco,Cubrebocas adulto Blanco,Cubre Bocas Blanco Para Sublimar,Cubrebocas Ideal Para Sublimar,Cubre Boca para Sublimar,Mascarilla sublimado sublimarts,Mascarillas una capa blanco,Mascarillas adulto Blanco,Mascarilla Blanco Para Sublimar,Mascarillas Ideal Para Sublimar,Mascarilla para Sublimar,Mascarilla sublimado sublimarts,Tapabocas adulto Blanco,Tapabocas Blanco Para Sublimar,Tapabocas Ideal Para Sublimar<\/p>\n","protected":false},"excerpt":{"rendered":"<p>Cubrebocas blanco de una sola capa marca Sublimarts de 100% poliester ideal para personalizar con la tecnolog\u00eda de sublimaci\u00f3n, Mascarilla de sublimaci\u00f3n 3D,Cubrebocas blanco una capa,Cubreboca Blanco Sencillo,Cubreboca B\u00e1sico sublimable,Cubrebocas blanco para sublimacion,Mascarillas Cubrebocas Blanco,Cubrebocas una capa blanco,Cubrebocas adulto Blanco,Cubre Bocas Blanco Para Sublimar,Cubrebocas Ideal Para Sublimar,Cubre Boca para Sublimar,Mascarilla sublimado sublimarts,Mascarillas una capa blanco,Mascarillas [&hellip;]<\/p>\n","protected":false},"featured_media":15184,"comment_status":"open","ping_status":"closed","template":"","meta":{"rs_blank_template":"","rs_page_bg_color":"","slide_template_v7":""},"product_brand":[],"product_cat":[15],"product_tag":[],"class_list":{"0":"post-15186","1":"product","2":"type-product","3":"status-publish","4":"has-post-thumbnail","6":"product_cat-sublimacion","8":"first","9":"instock","10":"shipping-taxable","11":"product-type-external"},"_links":{"self":[{"href":"https:\/\/publitec.lat\/index.php\/wp-json\/wp\/v2\/product\/15186","targetHints":{"allow":["GET"]}}],"collection":[{"href":"https:\/\/publitec.lat\/index.php\/wp-json\/wp\/v2\/product"}],"about":[{"href":"https:\/\/publitec.lat\/index.php\/wp-json\/wp\/v2\/types\/product"}],"replies":[{"embeddable":true,"href":"https:\/\/publitec.lat\/index.php\/wp-json\/wp\/v2\/comments?post=15186"}],"wp:featuredmedia":[{"embeddable":true,"href":"https:\/\/publitec.lat\/index.php\/wp-json\/wp\/v2\/media\/15184"}],"wp:attachment":[{"href":"https:\/\/publitec.lat\/index.php\/wp-json\/wp\/v2\/media?parent=15186"}],"wp:term":[{"taxonomy":"product_brand","embeddable":true,"href":"https:\/\/publitec.lat\/index.php\/wp-json\/wp\/v2\/product_brand?post=15186"},{"taxonomy":"product_cat","embeddable":true,"href":"https:\/\/publitec.lat\/index.php\/wp-json\/wp\/v2\/product_cat?post=15186"},{"taxonomy":"product_tag","embeddable":true,"href":"https:\/\/publitec.lat\/index.php\/wp-json\/wp\/v2\/product_tag?post=15186"}],"curies":[{"name":"wp","href":"https:\/\/api.w.org\/{rel}","templated":true}]}}