{"id":15182,"date":"2026-04-29T17:01:31","date_gmt":"2026-04-29T17:01:31","guid":{"rendered":"https:\/\/publitec.lat\/index.php\/product\/bolsa-loneta-con-zipper-para-sublimacion-sublimarts\/"},"modified":"2026-04-29T17:01:31","modified_gmt":"2026-04-29T17:01:31","slug":"bolsa-loneta-con-zipper-para-sublimacion-sublimarts","status":"publish","type":"product","link":"https:\/\/publitec.lat\/index.php\/product\/bolsa-loneta-con-zipper-para-sublimacion-sublimarts\/","title":{"rendered":"Bolsa loneta con zipper para sublimaci\u00f3n Sublimarts"},"content":{"rendered":"<p>Bolsa loneta con zipper marca Sublimarts para personalizar mediante la t\u00e9cnica de sublimaci\u00f3n,bolsa loneta con zipper,bolso sublimaci\u00f3n sublimarts,bolsa con zipper sublimacion,bolsas con zipper sublimable,bolsa poliester sublimacion,bolsas sublimaci\u00f3n,bolsas sublimaci\u00f3n cremallera,bolsas poliester sublimaci\u00f3n,bolsos con cierre,bolso mochila poliester,bolsos con zipper sublimable,bolsas sublimar poliester,sublime su bolsa poli\u00e9ster,bolsa poliester sublimarts,bolsas y mochilas sublimaci\u00f3n<\/p>\n","protected":false},"excerpt":{"rendered":"<p>Bolsa loneta con zipper marca Sublimarts para personalizar mediante la t\u00e9cnica de sublimaci\u00f3n,bolsa loneta con zipper,bolso sublimaci\u00f3n sublimarts,bolsa con zipper sublimacion,bolsas con zipper sublimable,bolsa poliester sublimacion,bolsas sublimaci\u00f3n,bolsas sublimaci\u00f3n cremallera,bolsas poliester sublimaci\u00f3n,bolsos con cierre,bolso mochila poliester,bolsos con zipper sublimable,bolsas sublimar poliester,sublime su bolsa poli\u00e9ster,bolsa poliester sublimarts,bolsas y mochilas sublimaci\u00f3n<\/p>\n","protected":false},"featured_media":15181,"comment_status":"open","ping_status":"closed","template":"","meta":{"rs_blank_template":"","rs_page_bg_color":"","slide_template_v7":""},"product_brand":[],"product_cat":[15],"product_tag":[],"class_list":{"0":"post-15182","1":"product","2":"type-product","3":"status-publish","4":"has-post-thumbnail","6":"product_cat-sublimacion","8":"first","9":"instock","10":"shipping-taxable","11":"product-type-external"},"_links":{"self":[{"href":"https:\/\/publitec.lat\/index.php\/wp-json\/wp\/v2\/product\/15182","targetHints":{"allow":["GET"]}}],"collection":[{"href":"https:\/\/publitec.lat\/index.php\/wp-json\/wp\/v2\/product"}],"about":[{"href":"https:\/\/publitec.lat\/index.php\/wp-json\/wp\/v2\/types\/product"}],"replies":[{"embeddable":true,"href":"https:\/\/publitec.lat\/index.php\/wp-json\/wp\/v2\/comments?post=15182"}],"wp:featuredmedia":[{"embeddable":true,"href":"https:\/\/publitec.lat\/index.php\/wp-json\/wp\/v2\/media\/15181"}],"wp:attachment":[{"href":"https:\/\/publitec.lat\/index.php\/wp-json\/wp\/v2\/media?parent=15182"}],"wp:term":[{"taxonomy":"product_brand","embeddable":true,"href":"https:\/\/publitec.lat\/index.php\/wp-json\/wp\/v2\/product_brand?post=15182"},{"taxonomy":"product_cat","embeddable":true,"href":"https:\/\/publitec.lat\/index.php\/wp-json\/wp\/v2\/product_cat?post=15182"},{"taxonomy":"product_tag","embeddable":true,"href":"https:\/\/publitec.lat\/index.php\/wp-json\/wp\/v2\/product_tag?post=15182"}],"curies":[{"name":"wp","href":"https:\/\/api.w.org\/{rel}","templated":true}]}}