{"id":15170,"date":"2026-04-29T17:01:25","date_gmt":"2026-04-29T17:01:25","guid":{"rendered":"https:\/\/publitec.lat\/index.php\/product\/mini-playera-con-gancho-blanco-y-negro-para-sublimacion-sublimarts\/"},"modified":"2026-04-29T17:01:25","modified_gmt":"2026-04-29T17:01:25","slug":"mini-playera-con-gancho-blanco-y-negro-para-sublimacion-sublimarts","status":"publish","type":"product","link":"https:\/\/publitec.lat\/index.php\/product\/mini-playera-con-gancho-blanco-y-negro-para-sublimacion-sublimarts\/","title":{"rendered":"Mini playera con gancho blanco y negro para sublimaci\u00f3n Sublimarts"},"content":{"rendered":"","protected":false},"excerpt":{"rendered":"<p>Mini camiseta con colgador y ventosa de color blanco y negro dise\u00f1ada para personalizaci\u00f3n por medio de sublimaci\u00f3n.<\/p>\n","protected":false},"featured_media":15169,"comment_status":"open","ping_status":"closed","template":"","meta":{"rs_blank_template":"","rs_page_bg_color":"","slide_template_v7":""},"product_brand":[],"product_cat":[15],"product_tag":[],"class_list":{"0":"post-15170","1":"product","2":"type-product","3":"status-publish","4":"has-post-thumbnail","6":"product_cat-sublimacion","8":"first","9":"instock","10":"shipping-taxable","11":"product-type-external"},"_links":{"self":[{"href":"https:\/\/publitec.lat\/index.php\/wp-json\/wp\/v2\/product\/15170","targetHints":{"allow":["GET"]}}],"collection":[{"href":"https:\/\/publitec.lat\/index.php\/wp-json\/wp\/v2\/product"}],"about":[{"href":"https:\/\/publitec.lat\/index.php\/wp-json\/wp\/v2\/types\/product"}],"replies":[{"embeddable":true,"href":"https:\/\/publitec.lat\/index.php\/wp-json\/wp\/v2\/comments?post=15170"}],"wp:featuredmedia":[{"embeddable":true,"href":"https:\/\/publitec.lat\/index.php\/wp-json\/wp\/v2\/media\/15169"}],"wp:attachment":[{"href":"https:\/\/publitec.lat\/index.php\/wp-json\/wp\/v2\/media?parent=15170"}],"wp:term":[{"taxonomy":"product_brand","embeddable":true,"href":"https:\/\/publitec.lat\/index.php\/wp-json\/wp\/v2\/product_brand?post=15170"},{"taxonomy":"product_cat","embeddable":true,"href":"https:\/\/publitec.lat\/index.php\/wp-json\/wp\/v2\/product_cat?post=15170"},{"taxonomy":"product_tag","embeddable":true,"href":"https:\/\/publitec.lat\/index.php\/wp-json\/wp\/v2\/product_tag?post=15170"}],"curies":[{"name":"wp","href":"https:\/\/api.w.org\/{rel}","templated":true}]}}