{"id":15123,"date":"2026-04-29T04:44:32","date_gmt":"2026-04-29T04:44:32","guid":{"rendered":"https:\/\/publitec.lat\/index.php\/product\/mini-seek-16-oz\/"},"modified":"2026-04-29T04:44:32","modified_gmt":"2026-04-29T04:44:32","slug":"mini-seek-16-oz","status":"publish","type":"product","link":"https:\/\/publitec.lat\/index.php\/product\/mini-seek-16-oz\/","title":{"rendered":"Mini Seek 16 oz"},"content":{"rendered":"<p>El Mini Seek de 16 oz es un vaso pr\u00e1ctico y funcional, ideal para el d\u00eda a d\u00eda. Su dise\u00f1o compacto y ligero lo convierte en una excelente opci\u00f3n para bebidas fr\u00edas en casa, la oficina o eventos promocionales. Fabricado en pl\u00e1stico r\u00edgido, es reutilizable, personalizable y seguro gracias a su composici\u00f3n libre de BPA.No cuenta con aislamiento t\u00e9rmicoMateriales:Incluye popoteTapa a presi\u00f3nFabricado en pl\u00e1stico r\u00edgido (polipropileno)Libre de BPADimensiones y Capacidad:16 oz | 475 mlMedidas aproximadas: 15 x 6.5 cmObservacionesColores sujetos a disponibilidad en TODO momento, antes, durante y despu\u00e9s de hacer su compra.NO apto para lavavajillas<\/p>\n","protected":false},"excerpt":{"rendered":"<p>El Mini Seek de 16 oz es un vaso pr\u00e1ctico y funcional, ideal para el d\u00eda a d\u00eda. Su dise\u00f1o compacto y ligero lo convierte en una excelente opci\u00f3n para bebidas fr\u00edas en casa, la oficina o eventos promocionales. Fabricado en pl\u00e1stico r\u00edgido, es reutilizable, personalizable y seguro gracias a su composici\u00f3n libre de BPA.No [&hellip;]<\/p>\n","protected":false},"featured_media":15119,"comment_status":"open","ping_status":"closed","template":"","meta":{"rs_blank_template":"","rs_page_bg_color":"","slide_template_v7":""},"product_brand":[],"product_cat":[80],"product_tag":[],"class_list":{"0":"post-15123","1":"product","2":"type-product","3":"status-publish","4":"has-post-thumbnail","6":"product_cat-vaso-plastico","8":"first","9":"instock","10":"shipping-taxable","11":"product-type-external"},"_links":{"self":[{"href":"https:\/\/publitec.lat\/index.php\/wp-json\/wp\/v2\/product\/15123","targetHints":{"allow":["GET"]}}],"collection":[{"href":"https:\/\/publitec.lat\/index.php\/wp-json\/wp\/v2\/product"}],"about":[{"href":"https:\/\/publitec.lat\/index.php\/wp-json\/wp\/v2\/types\/product"}],"replies":[{"embeddable":true,"href":"https:\/\/publitec.lat\/index.php\/wp-json\/wp\/v2\/comments?post=15123"}],"wp:featuredmedia":[{"embeddable":true,"href":"https:\/\/publitec.lat\/index.php\/wp-json\/wp\/v2\/media\/15119"}],"wp:attachment":[{"href":"https:\/\/publitec.lat\/index.php\/wp-json\/wp\/v2\/media?parent=15123"}],"wp:term":[{"taxonomy":"product_brand","embeddable":true,"href":"https:\/\/publitec.lat\/index.php\/wp-json\/wp\/v2\/product_brand?post=15123"},{"taxonomy":"product_cat","embeddable":true,"href":"https:\/\/publitec.lat\/index.php\/wp-json\/wp\/v2\/product_cat?post=15123"},{"taxonomy":"product_tag","embeddable":true,"href":"https:\/\/publitec.lat\/index.php\/wp-json\/wp\/v2\/product_tag?post=15123"}],"curies":[{"name":"wp","href":"https:\/\/api.w.org\/{rel}","templated":true}]}}