{"id":15118,"date":"2026-04-29T04:44:27","date_gmt":"2026-04-29T04:44:27","guid":{"rendered":"https:\/\/publitec.lat\/index.php\/product\/bachelor-con-asa-32-oz\/"},"modified":"2026-04-29T04:44:27","modified_gmt":"2026-04-29T04:44:27","slug":"bachelor-con-asa-32-oz","status":"publish","type":"product","link":"https:\/\/publitec.lat\/index.php\/product\/bachelor-con-asa-32-oz\/","title":{"rendered":"Bachelor Con Asa 32 oz"},"content":{"rendered":"<p>El Vaso Bachelor de 32 Oz (900 ml) est\u00e1 dise\u00f1ado para quienes necesitan un vaso de gran capacidad, resistente y f\u00e1cil de transportar. Fabricado en pl\u00e1stico r\u00edgido (polipropileno), este modelo es libre de BPA, reutilizable y perfecto para bebidas fr\u00edas o calientes, aunque no cuenta con propiedades t\u00e9rmicas.Su dise\u00f1o incluye una asa ergon\u00f3mica de pl\u00e1stico r\u00edgido, lo que facilita su uso en movimiento, adem\u00e1s de una tapa de cerrado a presi\u00f3n y un popote de pl\u00e1stico, haciendo de este vaso una opci\u00f3n funcional para el d\u00eda a d\u00eda, promociones, eventos o actividades al aire libre.No cuenta con aislamiento t\u00e9rmicoMateriales:Fabricado en pl\u00e1stico r\u00edgido (polipropileno)Libre de BPATapa con cerrado a presi\u00f3n para mayor seguridadDimensiones y Capacidad:32 oz \/ 900 mlMedidas aproximadas: 7 cm (base), 9 cm (di\u00e1metro superior), 18.5 cm de altura sin tapa, 25 cm con tapa.ObservacionesColores sujetos a disponibilidad en TODO momento, antes, durante y despu\u00e9s de hacer su compra.NO apto para lavavajillas<\/p>\n","protected":false},"excerpt":{"rendered":"<p>El Vaso Bachelor de 32 Oz (900 ml) est\u00e1 dise\u00f1ado para quienes necesitan un vaso de gran capacidad, resistente y f\u00e1cil de transportar. Fabricado en pl\u00e1stico r\u00edgido (polipropileno), este modelo es libre de BPA, reutilizable y perfecto para bebidas fr\u00edas o calientes, aunque no cuenta con propiedades t\u00e9rmicas.Su dise\u00f1o incluye una asa ergon\u00f3mica de pl\u00e1stico [&hellip;]<\/p>\n","protected":false},"featured_media":15115,"comment_status":"open","ping_status":"closed","template":"","meta":{"rs_blank_template":"","rs_page_bg_color":"","slide_template_v7":""},"product_brand":[],"product_cat":[80],"product_tag":[],"class_list":{"0":"post-15118","1":"product","2":"type-product","3":"status-publish","4":"has-post-thumbnail","6":"product_cat-vaso-plastico","8":"first","9":"instock","10":"shipping-taxable","11":"product-type-external"},"_links":{"self":[{"href":"https:\/\/publitec.lat\/index.php\/wp-json\/wp\/v2\/product\/15118","targetHints":{"allow":["GET"]}}],"collection":[{"href":"https:\/\/publitec.lat\/index.php\/wp-json\/wp\/v2\/product"}],"about":[{"href":"https:\/\/publitec.lat\/index.php\/wp-json\/wp\/v2\/types\/product"}],"replies":[{"embeddable":true,"href":"https:\/\/publitec.lat\/index.php\/wp-json\/wp\/v2\/comments?post=15118"}],"wp:featuredmedia":[{"embeddable":true,"href":"https:\/\/publitec.lat\/index.php\/wp-json\/wp\/v2\/media\/15115"}],"wp:attachment":[{"href":"https:\/\/publitec.lat\/index.php\/wp-json\/wp\/v2\/media?parent=15118"}],"wp:term":[{"taxonomy":"product_brand","embeddable":true,"href":"https:\/\/publitec.lat\/index.php\/wp-json\/wp\/v2\/product_brand?post=15118"},{"taxonomy":"product_cat","embeddable":true,"href":"https:\/\/publitec.lat\/index.php\/wp-json\/wp\/v2\/product_cat?post=15118"},{"taxonomy":"product_tag","embeddable":true,"href":"https:\/\/publitec.lat\/index.php\/wp-json\/wp\/v2\/product_tag?post=15118"}],"curies":[{"name":"wp","href":"https:\/\/api.w.org\/{rel}","templated":true}]}}