{"id":15112,"date":"2026-04-29T04:44:20","date_gmt":"2026-04-29T04:44:20","guid":{"rendered":"https:\/\/publitec.lat\/index.php\/product\/seek-star-20-oz\/"},"modified":"2026-04-29T04:44:20","modified_gmt":"2026-04-29T04:44:20","slug":"seek-star-20-oz","status":"publish","type":"product","link":"https:\/\/publitec.lat\/index.php\/product\/seek-star-20-oz\/","title":{"rendered":"Seek Star 20 oz"},"content":{"rendered":"<p>El Seek Star de 20 oz es la combinaci\u00f3n perfecta entre funcionalidad y dise\u00f1o pr\u00e1ctico. Ideal para el d\u00eda a d\u00eda, eventos promocionales o como un regalo \u00fatil, este vaso cuenta con tapa a presi\u00f3n, popote reutilizable y un accesorio adicional que lo hace a\u00fan m\u00e1s especial. Su estructura ligera, libre de BPA, lo convierte en una opci\u00f3n segura y c\u00f3moda para cualquier ocasi\u00f3n.No cuenta con aislamiento t\u00e9rmicoMateriales:Fabricado en pl\u00e1stico (polipropileno)Libre de BPATapa con cerrado a presi\u00f3n para mayor seguridadPopote de pl\u00e1stico incluido + accesorio de popoteDimensiones y Capacidad:20 oz \/ 590 mlMedidas aproximadas: 6 x 16.5 cmObservacionesColores sujetos a disponibilidad en TODO momento, antes, durante y despu\u00e9s de hacer su compra.NO apto para lavavajillas<\/p>\n","protected":false},"excerpt":{"rendered":"<p>El Seek Star de 20 oz es la combinaci\u00f3n perfecta entre funcionalidad y dise\u00f1o pr\u00e1ctico. Ideal para el d\u00eda a d\u00eda, eventos promocionales o como un regalo \u00fatil, este vaso cuenta con tapa a presi\u00f3n, popote reutilizable y un accesorio adicional que lo hace a\u00fan m\u00e1s especial. Su estructura ligera, libre de BPA, lo convierte [&hellip;]<\/p>\n","protected":false},"featured_media":15106,"comment_status":"open","ping_status":"closed","template":"","meta":{"rs_blank_template":"","rs_page_bg_color":"","slide_template_v7":""},"product_brand":[],"product_cat":[80],"product_tag":[],"class_list":{"0":"post-15112","1":"product","2":"type-product","3":"status-publish","4":"has-post-thumbnail","6":"product_cat-vaso-plastico","8":"first","9":"instock","10":"shipping-taxable","11":"product-type-external"},"_links":{"self":[{"href":"https:\/\/publitec.lat\/index.php\/wp-json\/wp\/v2\/product\/15112","targetHints":{"allow":["GET"]}}],"collection":[{"href":"https:\/\/publitec.lat\/index.php\/wp-json\/wp\/v2\/product"}],"about":[{"href":"https:\/\/publitec.lat\/index.php\/wp-json\/wp\/v2\/types\/product"}],"replies":[{"embeddable":true,"href":"https:\/\/publitec.lat\/index.php\/wp-json\/wp\/v2\/comments?post=15112"}],"wp:featuredmedia":[{"embeddable":true,"href":"https:\/\/publitec.lat\/index.php\/wp-json\/wp\/v2\/media\/15106"}],"wp:attachment":[{"href":"https:\/\/publitec.lat\/index.php\/wp-json\/wp\/v2\/media?parent=15112"}],"wp:term":[{"taxonomy":"product_brand","embeddable":true,"href":"https:\/\/publitec.lat\/index.php\/wp-json\/wp\/v2\/product_brand?post=15112"},{"taxonomy":"product_cat","embeddable":true,"href":"https:\/\/publitec.lat\/index.php\/wp-json\/wp\/v2\/product_cat?post=15112"},{"taxonomy":"product_tag","embeddable":true,"href":"https:\/\/publitec.lat\/index.php\/wp-json\/wp\/v2\/product_tag?post=15112"}],"curies":[{"name":"wp","href":"https:\/\/api.w.org\/{rel}","templated":true}]}}