{"id":15111,"date":"2026-04-29T04:44:19","date_gmt":"2026-04-29T04:44:19","guid":{"rendered":"https:\/\/publitec.lat\/index.php\/product\/seek-star-25-oz\/"},"modified":"2026-04-29T04:44:19","modified_gmt":"2026-04-29T04:44:19","slug":"seek-star-25-oz","status":"publish","type":"product","link":"https:\/\/publitec.lat\/index.php\/product\/seek-star-25-oz\/","title":{"rendered":"Seek Star 25 oz"},"content":{"rendered":"<p>El Seek Star de 25 oz es una opci\u00f3n pr\u00e1ctica y vers\u00e1til para quienes necesitan mayor capacidad sin renunciar al estilo. Su dise\u00f1o ligero y funcional incluye popote reutilizable y un accesorio adicional que lo convierte en un regalo ideal para eventos, promociones o uso personal. Fabricado en pl\u00e1stico libre de BPA, es una alternativa segura y reutilizable para todos los d\u00edas.No cuenta con aislamiento t\u00e9rmicoMateriales:Fabricado en pl\u00e1stico r\u00edgido (polipropileno)Libre de BPATapa con cerrado a presi\u00f3n para mayor seguridadPopote de pl\u00e1stico incluido + accesorio para popoteDimensiones y Capacidad:25 oz \/ 730 mlMedidas aproximadas: 6 x 18 cm\u00a0ObservacionesColores sujetos a disponibilidad en TODO momento, antes, durante y despu\u00e9s de hacer su compra.NO apto para lavavajillas<\/p>\n","protected":false},"excerpt":{"rendered":"<p>El Seek Star de 25 oz es una opci\u00f3n pr\u00e1ctica y vers\u00e1til para quienes necesitan mayor capacidad sin renunciar al estilo. Su dise\u00f1o ligero y funcional incluye popote reutilizable y un accesorio adicional que lo convierte en un regalo ideal para eventos, promociones o uso personal. Fabricado en pl\u00e1stico libre de BPA, es una alternativa [&hellip;]<\/p>\n","protected":false},"featured_media":15104,"comment_status":"open","ping_status":"closed","template":"","meta":{"rs_blank_template":"","rs_page_bg_color":"","slide_template_v7":""},"product_brand":[],"product_cat":[80],"product_tag":[],"class_list":{"0":"post-15111","1":"product","2":"type-product","3":"status-publish","4":"has-post-thumbnail","6":"product_cat-vaso-plastico","8":"first","9":"instock","10":"shipping-taxable","11":"product-type-external"},"_links":{"self":[{"href":"https:\/\/publitec.lat\/index.php\/wp-json\/wp\/v2\/product\/15111","targetHints":{"allow":["GET"]}}],"collection":[{"href":"https:\/\/publitec.lat\/index.php\/wp-json\/wp\/v2\/product"}],"about":[{"href":"https:\/\/publitec.lat\/index.php\/wp-json\/wp\/v2\/types\/product"}],"replies":[{"embeddable":true,"href":"https:\/\/publitec.lat\/index.php\/wp-json\/wp\/v2\/comments?post=15111"}],"wp:featuredmedia":[{"embeddable":true,"href":"https:\/\/publitec.lat\/index.php\/wp-json\/wp\/v2\/media\/15104"}],"wp:attachment":[{"href":"https:\/\/publitec.lat\/index.php\/wp-json\/wp\/v2\/media?parent=15111"}],"wp:term":[{"taxonomy":"product_brand","embeddable":true,"href":"https:\/\/publitec.lat\/index.php\/wp-json\/wp\/v2\/product_brand?post=15111"},{"taxonomy":"product_cat","embeddable":true,"href":"https:\/\/publitec.lat\/index.php\/wp-json\/wp\/v2\/product_cat?post=15111"},{"taxonomy":"product_tag","embeddable":true,"href":"https:\/\/publitec.lat\/index.php\/wp-json\/wp\/v2\/product_tag?post=15111"}],"curies":[{"name":"wp","href":"https:\/\/api.w.org\/{rel}","templated":true}]}}