{"id":15109,"date":"2026-04-29T04:44:17","date_gmt":"2026-04-29T04:44:17","guid":{"rendered":"https:\/\/publitec.lat\/index.php\/product\/botanero-950-ml\/"},"modified":"2026-04-29T04:44:17","modified_gmt":"2026-04-29T04:44:17","slug":"botanero-950-ml","status":"publish","type":"product","link":"https:\/\/publitec.lat\/index.php\/product\/botanero-950-ml\/","title":{"rendered":"Botanero 950 ml"},"content":{"rendered":"<p>\u00a1Lleva tus reuniones y eventos al siguiente nivel con nuestro pr\u00e1ctico y vers\u00e1til vaso botanero de 950 ml!Dise\u00f1o 2 en 1: Combina un taz\u00f3n para botana con vaso incluido, ideal para snacks y bebidas al mismo tiempo.\u00a1Disfruta tus snacks y bebidas de forma pr\u00e1ctica y original!Materiales:Incluye popote y bowlModelo de pl\u00e1stico r\u00edgido\u00a0 (polipropileno)Tapa de rosca\u00a0Libre de BPAAcabado mate\u00a0Dimensiones y Capacidad:32 oz | 950 mlMedidas aproximadas:\u00a0 7.5 cm x 17 cm x 14.5 cm x 23.5 cmObservacionesColores sujetos a disponibilidad en TODO momento, antes, durante y despu\u00e9s de hacer su compra.NO apto para lavavajillas<\/p>\n","protected":false},"excerpt":{"rendered":"<p>\u00a1Lleva tus reuniones y eventos al siguiente nivel con nuestro pr\u00e1ctico y vers\u00e1til vaso botanero de 950 ml!Dise\u00f1o 2 en 1: Combina un taz\u00f3n para botana con vaso incluido, ideal para snacks y bebidas al mismo tiempo.\u00a1Disfruta tus snacks y bebidas de forma pr\u00e1ctica y original!Materiales:Incluye popote y bowlModelo de pl\u00e1stico r\u00edgido\u00a0 (polipropileno)Tapa de rosca\u00a0Libre [&hellip;]<\/p>\n","protected":false},"featured_media":15105,"comment_status":"open","ping_status":"closed","template":"","meta":{"rs_blank_template":"","rs_page_bg_color":"","slide_template_v7":""},"product_brand":[],"product_cat":[80],"product_tag":[],"class_list":{"0":"post-15109","1":"product","2":"type-product","3":"status-publish","4":"has-post-thumbnail","6":"product_cat-vaso-plastico","8":"first","9":"instock","10":"shipping-taxable","11":"product-type-external"},"_links":{"self":[{"href":"https:\/\/publitec.lat\/index.php\/wp-json\/wp\/v2\/product\/15109","targetHints":{"allow":["GET"]}}],"collection":[{"href":"https:\/\/publitec.lat\/index.php\/wp-json\/wp\/v2\/product"}],"about":[{"href":"https:\/\/publitec.lat\/index.php\/wp-json\/wp\/v2\/types\/product"}],"replies":[{"embeddable":true,"href":"https:\/\/publitec.lat\/index.php\/wp-json\/wp\/v2\/comments?post=15109"}],"wp:featuredmedia":[{"embeddable":true,"href":"https:\/\/publitec.lat\/index.php\/wp-json\/wp\/v2\/media\/15105"}],"wp:attachment":[{"href":"https:\/\/publitec.lat\/index.php\/wp-json\/wp\/v2\/media?parent=15109"}],"wp:term":[{"taxonomy":"product_brand","embeddable":true,"href":"https:\/\/publitec.lat\/index.php\/wp-json\/wp\/v2\/product_brand?post=15109"},{"taxonomy":"product_cat","embeddable":true,"href":"https:\/\/publitec.lat\/index.php\/wp-json\/wp\/v2\/product_cat?post=15109"},{"taxonomy":"product_tag","embeddable":true,"href":"https:\/\/publitec.lat\/index.php\/wp-json\/wp\/v2\/product_tag?post=15109"}],"curies":[{"name":"wp","href":"https:\/\/api.w.org\/{rel}","templated":true}]}}