{"id":15083,"date":"2026-04-29T00:37:58","date_gmt":"2026-04-29T00:37:58","guid":{"rendered":"https:\/\/publitec.lat\/index.php\/product\/kit-sun-24-oz-neon-pop\/"},"modified":"2026-04-29T02:19:49","modified_gmt":"2026-04-29T02:19:49","slug":"kit-sun-24-oz-neon-pop","status":"publish","type":"product","link":"https:\/\/publitec.lat\/index.php\/product\/kit-sun-24-oz-neon-pop\/","title":{"rendered":"Kit SUN 24 oz Ne\u00f3n Pop"},"content":{"rendered":"<p>Vaso modelo SUN 24 oz\u00a0<br \/>\nEl kit contiene 6 vasos con las siguientes combinaciones :<br \/>\n2 Vasos Azul Ne\u00f3n Pop + Tapa Azul Ne\u00f3n Pop + Popote Azul Ne\u00f3n<br \/>\n2 Vasos Verde Ne\u00f3n Pop + Tapa Verde Ne\u00f3n Pop + Popote Verde Lim\u00f3n<br \/>\n2 Vasos Rojo Ne\u00f3n Pop + Tapa Rojo Ne\u00f3n Pop + Popote Rojo<br \/>\nImportante: El color real puede variar debido a la luz de la fotograf\u00eda.<\/p>\n","protected":false},"excerpt":{"rendered":"<p>Vaso modelo SUN 24 oz\u00a0 El kit contiene 6 vasos con las siguientes combinaciones : 2 Vasos Azul Ne\u00f3n Pop + Tapa Azul Ne\u00f3n Pop + Popote Azul Ne\u00f3n 2 Vasos Verde Ne\u00f3n Pop + Tapa Verde Ne\u00f3n Pop + Popote Verde Lim\u00f3n 2 Vasos Rojo Ne\u00f3n Pop + Tapa Rojo Ne\u00f3n Pop + Popote [&hellip;]<\/p>\n","protected":false},"featured_media":15080,"comment_status":"open","ping_status":"closed","template":"","meta":{"rs_blank_template":"","rs_page_bg_color":"","slide_template_v7":""},"product_brand":[],"product_cat":[79],"product_tag":[],"class_list":{"0":"post-15083","1":"product","2":"type-product","3":"status-publish","4":"has-post-thumbnail","6":"product_cat-vasos","8":"first","9":"instock","10":"shipping-taxable","11":"product-type-external"},"_links":{"self":[{"href":"https:\/\/publitec.lat\/index.php\/wp-json\/wp\/v2\/product\/15083","targetHints":{"allow":["GET"]}}],"collection":[{"href":"https:\/\/publitec.lat\/index.php\/wp-json\/wp\/v2\/product"}],"about":[{"href":"https:\/\/publitec.lat\/index.php\/wp-json\/wp\/v2\/types\/product"}],"replies":[{"embeddable":true,"href":"https:\/\/publitec.lat\/index.php\/wp-json\/wp\/v2\/comments?post=15083"}],"wp:featuredmedia":[{"embeddable":true,"href":"https:\/\/publitec.lat\/index.php\/wp-json\/wp\/v2\/media\/15080"}],"wp:attachment":[{"href":"https:\/\/publitec.lat\/index.php\/wp-json\/wp\/v2\/media?parent=15083"}],"wp:term":[{"taxonomy":"product_brand","embeddable":true,"href":"https:\/\/publitec.lat\/index.php\/wp-json\/wp\/v2\/product_brand?post=15083"},{"taxonomy":"product_cat","embeddable":true,"href":"https:\/\/publitec.lat\/index.php\/wp-json\/wp\/v2\/product_cat?post=15083"},{"taxonomy":"product_tag","embeddable":true,"href":"https:\/\/publitec.lat\/index.php\/wp-json\/wp\/v2\/product_tag?post=15083"}],"curies":[{"name":"wp","href":"https:\/\/api.w.org\/{rel}","templated":true}]}}