{"id":15061,"date":"2026-04-29T00:37:47","date_gmt":"2026-04-29T00:37:47","guid":{"rendered":"https:\/\/publitec.lat\/index.php\/product\/compra-rapida-kit-de-10-vasos-sun-slim-12-oz-tapa-plana-y-popote\/"},"modified":"2026-04-29T02:19:48","modified_gmt":"2026-04-29T02:19:48","slug":"compra-rapida-kit-de-10-vasos-sun-slim-12-oz-tapa-plana-y-popote","status":"publish","type":"product","link":"https:\/\/publitec.lat\/index.php\/product\/compra-rapida-kit-de-10-vasos-sun-slim-12-oz-tapa-plana-y-popote\/","title":{"rendered":"\u00a1Compra R\u00e1pida! Kit de 10 Vasos SUN SLIM 12 OZ tapa plana y popote"},"content":{"rendered":"<p>Vaso modelo SUN SLIM 12 oz con\u00a0tapa plana y popote. El kit contiene 10 vasos, 10 tapas y 10 popotes. El color de los componentes es como se indica en la imagen del producto.<br \/>\n\ud83c\udf89 Ideal para fiestas, picnics y celebracionesAgrega un toque divertido, brillante y original a tu evento. Este kit no solo es funcional, tambi\u00e9n es un \u00e9xito visual.<br \/>\n\ud83d\udd0d Informaci\u00f3n t\u00e9cnica:Fabricado con pl\u00e1stico r\u00edgido de polipropileno, libre de BPA.El color puede variar ligeramente por condiciones de luz o pantalla.\u00a0<\/p>\n","protected":false},"excerpt":{"rendered":"<p>Vaso modelo SUN SLIM 12 oz con\u00a0tapa plana y popote. El kit contiene 10 vasos, 10 tapas y 10 popotes. El color de los componentes es como se indica en la imagen del producto. \ud83c\udf89 Ideal para fiestas, picnics y celebracionesAgrega un toque divertido, brillante y original a tu evento. Este kit no solo es [&hellip;]<\/p>\n","protected":false},"featured_media":15060,"comment_status":"open","ping_status":"closed","template":"","meta":{"rs_blank_template":"","rs_page_bg_color":"","slide_template_v7":""},"product_brand":[],"product_cat":[79],"product_tag":[],"class_list":{"0":"post-15061","1":"product","2":"type-product","3":"status-publish","4":"has-post-thumbnail","6":"product_cat-vasos","8":"first","9":"instock","10":"shipping-taxable","11":"product-type-external"},"_links":{"self":[{"href":"https:\/\/publitec.lat\/index.php\/wp-json\/wp\/v2\/product\/15061","targetHints":{"allow":["GET"]}}],"collection":[{"href":"https:\/\/publitec.lat\/index.php\/wp-json\/wp\/v2\/product"}],"about":[{"href":"https:\/\/publitec.lat\/index.php\/wp-json\/wp\/v2\/types\/product"}],"replies":[{"embeddable":true,"href":"https:\/\/publitec.lat\/index.php\/wp-json\/wp\/v2\/comments?post=15061"}],"wp:featuredmedia":[{"embeddable":true,"href":"https:\/\/publitec.lat\/index.php\/wp-json\/wp\/v2\/media\/15060"}],"wp:attachment":[{"href":"https:\/\/publitec.lat\/index.php\/wp-json\/wp\/v2\/media?parent=15061"}],"wp:term":[{"taxonomy":"product_brand","embeddable":true,"href":"https:\/\/publitec.lat\/index.php\/wp-json\/wp\/v2\/product_brand?post=15061"},{"taxonomy":"product_cat","embeddable":true,"href":"https:\/\/publitec.lat\/index.php\/wp-json\/wp\/v2\/product_cat?post=15061"},{"taxonomy":"product_tag","embeddable":true,"href":"https:\/\/publitec.lat\/index.php\/wp-json\/wp\/v2\/product_tag?post=15061"}],"curies":[{"name":"wp","href":"https:\/\/api.w.org\/{rel}","templated":true}]}}