{"id":15041,"date":"2026-04-29T00:37:38","date_gmt":"2026-04-29T00:37:38","guid":{"rendered":"https:\/\/publitec.lat\/index.php\/product\/compra-rapida-kit-de-6-vasos-stellar-34-oz-tapa-plana-y-popote\/"},"modified":"2026-04-29T02:19:47","modified_gmt":"2026-04-29T02:19:47","slug":"compra-rapida-kit-de-6-vasos-stellar-34-oz-tapa-plana-y-popote","status":"publish","type":"product","link":"https:\/\/publitec.lat\/index.php\/product\/compra-rapida-kit-de-6-vasos-stellar-34-oz-tapa-plana-y-popote\/","title":{"rendered":"\u00a1Compra R\u00e1pida! Kit de 6 Vasos STELLAR 34 OZ tapa plana y popote"},"content":{"rendered":"<p>Vaso modelo STELLAR 34 oz con\u00a0tapa plana y popote. El kit contiene 6 vasos, 6 tapas y 6 popotes. El color de los componentes es como se indica en la imagen del producto.<br \/>\n\ud83c\udf89 Ideal para fiestas, picnics y celebracionesAgrega un toque divertido, brillante y original a tu evento. Este kit no solo es funcional, tambi\u00e9n es un \u00e9xito visual.<br \/>\n\ud83d\udd0d Informaci\u00f3n t\u00e9cnica:Fabricado con pl\u00e1stico r\u00edgido de polipropileno, libre de BPA.El color puede variar ligeramente por condiciones de luz o pantalla.\u00a0<\/p>\n","protected":false},"excerpt":{"rendered":"<p>Vaso modelo STELLAR 34 oz con\u00a0tapa plana y popote. El kit contiene 6 vasos, 6 tapas y 6 popotes. El color de los componentes es como se indica en la imagen del producto. \ud83c\udf89 Ideal para fiestas, picnics y celebracionesAgrega un toque divertido, brillante y original a tu evento. Este kit no solo es funcional, [&hellip;]<\/p>\n","protected":false},"featured_media":15040,"comment_status":"open","ping_status":"closed","template":"","meta":{"rs_blank_template":"","rs_page_bg_color":"","slide_template_v7":""},"product_brand":[],"product_cat":[79],"product_tag":[],"class_list":{"0":"post-15041","1":"product","2":"type-product","3":"status-publish","4":"has-post-thumbnail","6":"product_cat-vasos","8":"first","9":"instock","10":"shipping-taxable","11":"product-type-external"},"_links":{"self":[{"href":"https:\/\/publitec.lat\/index.php\/wp-json\/wp\/v2\/product\/15041","targetHints":{"allow":["GET"]}}],"collection":[{"href":"https:\/\/publitec.lat\/index.php\/wp-json\/wp\/v2\/product"}],"about":[{"href":"https:\/\/publitec.lat\/index.php\/wp-json\/wp\/v2\/types\/product"}],"replies":[{"embeddable":true,"href":"https:\/\/publitec.lat\/index.php\/wp-json\/wp\/v2\/comments?post=15041"}],"wp:featuredmedia":[{"embeddable":true,"href":"https:\/\/publitec.lat\/index.php\/wp-json\/wp\/v2\/media\/15040"}],"wp:attachment":[{"href":"https:\/\/publitec.lat\/index.php\/wp-json\/wp\/v2\/media?parent=15041"}],"wp:term":[{"taxonomy":"product_brand","embeddable":true,"href":"https:\/\/publitec.lat\/index.php\/wp-json\/wp\/v2\/product_brand?post=15041"},{"taxonomy":"product_cat","embeddable":true,"href":"https:\/\/publitec.lat\/index.php\/wp-json\/wp\/v2\/product_cat?post=15041"},{"taxonomy":"product_tag","embeddable":true,"href":"https:\/\/publitec.lat\/index.php\/wp-json\/wp\/v2\/product_tag?post=15041"}],"curies":[{"name":"wp","href":"https:\/\/api.w.org\/{rel}","templated":true}]}}